{"id":5732,"date":"2024-11-15T09:20:50","date_gmt":"2024-11-15T08:20:50","guid":{"rendered":"https:\/\/www.seconduse.be\/clause-de-non-responsabilite\/"},"modified":"2025-07-05T22:04:53","modified_gmt":"2025-07-05T20:04:53","slug":"clause-de-non-responsabilite","status":"publish","type":"page","link":"https:\/\/www.seconduse.be\/fr\/clause-de-non-responsabilite\/","title":{"rendered":"Clause de non-responsabilit\u00e9"},"content":{"rendered":"\n<div class=\"container section-title-container\" ><h1 class=\"section-title section-title-normal\"><b aria-hidden=\"true\"><\/b><span class=\"section-title-main\" >Clause de non-responsabilit\u00e9<\/span><b aria-hidden=\"true\"><\/b><\/h1><\/div>\n\n<h3> <\/h3>\n<h4><strong>Propri\u00e9t\u00e9 intellectuelle<\/strong><\/h4>\n<p>Le contenu de ce site web, y compris les textes, images, logos et autres mat\u00e9riaux, est soumis aux droits de propri\u00e9t\u00e9 intellectuelle de <strong>Second Use B.V..<\/strong> Il n&rsquo;est pas permis de copier, de distribuer ou d&rsquo;utiliser autrement ce contenu sans autorisation \u00e9crite pr\u00e9alable. Toute utilisation non autoris\u00e9e peut donner lieu \u00e0 des poursuites judiciaires.<\/p>\n<h4><strong>Informations sur le site web<\/strong><\/h4>\n<p>Bien que <strong>Second Use B.V.<\/strong> s&rsquo;efforce de fournir des informations actuelles et pr\u00e9cises, nous ne pouvons pas garantir que toutes les donn\u00e9es figurant sur ce site web sont compl\u00e8tes, exemptes d&rsquo;erreurs ou \u00e0 jour. Aucun droit ne peut \u00eatre tir\u00e9 des informations contenues dans ce site web. Nous d\u00e9clinons toute responsabilit\u00e9 en cas d&rsquo;erreurs ou d&rsquo;inexactitudes.<\/p>\n<h4><strong>Utiliser le site web<\/strong><\/h4>\n<p>Le contenu de ce site web est fourni \u00e0 titre d&rsquo;information g\u00e9n\u00e9rale uniquement. L&rsquo;utilisation de ce site web et des informations qu&rsquo;il contient se fait enti\u00e8rement \u00e0 vos risques et p\u00e9rils. <strong>Second Use B.V.<\/strong> n&rsquo;est pas responsable des dommages ou pertes r\u00e9sultant de l&rsquo;utilisation ou de la confiance accord\u00e9e au contenu de ce site web.<\/p>\n<h4><strong>Liens externes<\/strong><\/h4>\n<p>Notre site web peut contenir des r\u00e9f\u00e9rences ou des hyperliens vers des sites web externes. Ces liens sont fournis uniquement pour la commodit\u00e9 de nos visiteurs. <strong>Second Use B.V.<\/strong> n&rsquo;a aucune influence sur le contenu ou le fonctionnement de ces sites web externes et n&rsquo;est pas responsable de la fiabilit\u00e9 ou de l&rsquo;exactitude des informations qui y sont propos\u00e9es. L&rsquo;utilisation de liens externes se fait sous votre propre responsabilit\u00e9.<\/p>\n<h4><strong>Modifications de la clause de non-responsabilit\u00e9<\/strong><\/h4>\n<p><strong>Second Use B.V.<\/strong> se r\u00e9serve le droit de modifier le contenu de cette clause de non-responsabilit\u00e9 \u00e0 tout moment. Nous conseillons aux utilisateurs de consulter r\u00e9guli\u00e8rement cette page pour se tenir inform\u00e9s des \u00e9ventuelles mises \u00e0 jour.<\/p>\n<h4><strong>Acceptation des conditions<\/strong><\/h4>\n<p>En utilisant ce site web, vous acceptez d&rsquo;\u00eatre li\u00e9 par les termes et conditions \u00e9nonc\u00e9s dans la pr\u00e9sente clause de non-responsabilit\u00e9. Si vous avez des questions concernant cette d\u00e9claration, veuillez nous contacter en utilisant les coordonn\u00e9es figurant sur notre site web.<\/p>\n<h4><strong>Prenez contact avec nous<\/strong><\/h4>\n<p>Chez <strong>Second Use B.V.<\/strong>, nous nous effor\u00e7ons de livrer votre commande le plus rapidement possible et en parfait \u00e9tat. Avez-vous des questions concernant notre clause de non-responsabilit\u00e9 ? Vous pouvez contacter Second Use aux coordonn\u00e9es ci-dessous :<\/p>\n<p><strong>Second Use B.V.<\/strong> <br>Koperslagersstraat 5 <br>8601 WL Sneek <br>Pays-Bas<\/p>\n<p>Chambre de commerce : 90676157<br>TVA : NL865403429B01<\/p>\n<p>Tel : <a href=\"tel:0031857739956\">+31 (0)85 &#8211; 7739956<\/a> <br>Mail : <a href=\"mailto:Klantenservice@seconduse.be\">Klantenservice@seconduse.be <\/a> <\/p>\n\n","protected":false},"excerpt":{"rendered":"","protected":false},"author":1,"featured_media":0,"parent":0,"menu_order":0,"comment_status":"closed","ping_status":"closed","template":"","meta":{"_acf_changed":false,"footnotes":""},"class_list":["post-5732","page","type-page","status-publish","hentry"],"acf":[],"jetpack_sharing_enabled":true,"_links":{"self":[{"href":"https:\/\/www.seconduse.be\/fr\/wp-json\/wp\/v2\/pages\/5732","targetHints":{"allow":["GET"]}}],"collection":[{"href":"https:\/\/www.seconduse.be\/fr\/wp-json\/wp\/v2\/pages"}],"about":[{"href":"https:\/\/www.seconduse.be\/fr\/wp-json\/wp\/v2\/types\/page"}],"author":[{"embeddable":true,"href":"https:\/\/www.seconduse.be\/fr\/wp-json\/wp\/v2\/users\/1"}],"replies":[{"embeddable":true,"href":"https:\/\/www.seconduse.be\/fr\/wp-json\/wp\/v2\/comments?post=5732"}],"version-history":[{"count":1,"href":"https:\/\/www.seconduse.be\/fr\/wp-json\/wp\/v2\/pages\/5732\/revisions"}],"predecessor-version":[{"id":5733,"href":"https:\/\/www.seconduse.be\/fr\/wp-json\/wp\/v2\/pages\/5732\/revisions\/5733"}],"wp:attachment":[{"href":"https:\/\/www.seconduse.be\/fr\/wp-json\/wp\/v2\/media?parent=5732"}],"curies":[{"name":"wp","href":"https:\/\/api.w.org\/{rel}","templated":true}]}}