{"id":5763,"date":"2023-07-10T13:28:31","date_gmt":"2023-07-10T11:28:31","guid":{"rendered":"https:\/\/www.seconduse.be\/conditions-generales\/"},"modified":"2025-07-05T22:05:07","modified_gmt":"2025-07-05T20:05:07","slug":"conditions-generales","status":"publish","type":"page","link":"https:\/\/www.seconduse.be\/fr\/conditions-generales\/","title":{"rendered":"conditions g\u00e9n\u00e9rales"},"content":{"rendered":"\n<h1> <\/h1>\n<h1>Conditions g\u00e9n\u00e9rales &#8211; Second Use B.V.<\/h1>\n<div class=\"flex-1 overflow-hidden\">\n<div class=\"react-scroll-to-bottom--css-trdtm-79elbk h-full\">\n<div class=\"react-scroll-to-bottom--css-trdtm-1n7m0yu\">\n<div class=\"flex flex-col text-sm pb-9\">\n<div class=\"w-full text-token-text-primary\" data-testid=\"conversation-turn-5\">\n<div class=\"px-4 py-2 justify-center text-base md:gap-6 m-auto\">\n<div class=\"flex flex-1 text-base mx-auto gap-3 md:px-5 lg:px-1 xl:px-5 md:max-w-3xl lg:max-w-[40rem] xl:max-w-[48rem] group final-completion\">\n<div class=\"relative flex w-full flex-col agent-turn\">\n<div class=\"flex-col gap-1 md:gap-3\">\n<div class=\"flex flex-grow flex-col max-w-full\">\n<div class=\"min-h-[20px] text-message flex flex-col items-start gap-3 whitespace-pre-wrap break-words [.text-message+&amp;]:mt-5 overflow-x-auto\" data-message-author-role=\"assistant\" data-message-id=\"a23d846c-3334-4548-ae43-d4a5248293e2\">\n<div class=\"markdown prose w-full break-words dark:prose-invert light\">\n<p> <\/p>\n<p><strong>1. G\u00e9n\u00e9ralit\u00e9s<\/strong><\/p>\n<p>1.1 Les pr\u00e9sentes conditions g\u00e9n\u00e9rales s&rsquo;appliquent \u00e0 tous les contrats conclus entre Second Use, ci-apr\u00e8s d\u00e9nomm\u00e9 \"vendeur\", et le consommateur, ci-apr\u00e8s d\u00e9nomm\u00e9 \"acheteur\".<\/p>\n<p>1.2 En passant commande aupr\u00e8s du vendeur, l&rsquo;acheteur accepte les pr\u00e9sentes conditions g\u00e9n\u00e9rales.<\/p>\n<p>1.3 Les d\u00e9rogations aux pr\u00e9sentes conditions ne sont valables que si elles ont \u00e9t\u00e9 convenues par \u00e9crit entre le vendeur et l&rsquo;acheteur.<\/p>\n<p><strong>2. Informations sur le produit<\/strong><\/p>\n<p>2.1 Les informations sur les produits figurant sur le site web de Second Use ont \u00e9t\u00e9 compil\u00e9es avec le plus grand soin. N\u00e9anmoins, aucun droit ne peut \u00eatre tir\u00e9 d&rsquo;\u00e9ventuelles inexactitudes.<\/p>\n<p>2.2 Les images figurant sur le site Internet sont fournies \u00e0 titre d&rsquo;illustration et peuvent diff\u00e9rer du produit r\u00e9el.<\/p>\n<p><strong>3. Commande et paiement<\/strong><\/p>\n<p>3.1 Le contrat est conclu lorsque l&rsquo;acheteur passe la commande et que le paiement est effectu\u00e9 avec succ\u00e8s.<\/p>\n<p>3.2 L&rsquo;acheteur est tenu de fournir des informations correctes et compl\u00e8tes lorsqu&rsquo;il passe une commande.<\/p>\n<p>3.3 Le paiement est effectu\u00e9 de la mani\u00e8re indiqu\u00e9e au cours du processus de commande.<\/p>\n<p><strong>4. Annulation et retours<\/strong><\/p>\n<p>4.1 L&rsquo;acheteur a le droit d&rsquo;annuler la commande dans un d\u00e9lai de 14 jours \u00e0 compter de la r\u00e9ception sans donner de raison.<\/p>\n<p>4.2 En cas d&rsquo;annulation, l&rsquo;acheteur est tenu de renvoyer le produit \u00e0 Second Use dans les 14 jours suivant l&rsquo;annulation.<\/p>\n<p>4.3 Les frais de retour sont \u00e0 la charge de l&rsquo;acheteur, sauf accord contraire.<\/p>\n<p>4.4 Le produit doit \u00eatre retourn\u00e9 dans son \u00e9tat et son emballage d&rsquo;origine.<\/p>\n<p><strong>5. Garantie et responsabilit\u00e9<\/strong><\/p>\n<p>5.1 Le vendeur garantit la solidit\u00e9 des produits livr\u00e9s conform\u00e9ment aux dispositions l\u00e9gales en mati\u00e8re de garantie.<\/p>\n<p>5.2 Second Use n&rsquo;est pas responsable des dommages indirects, des dommages cons\u00e9cutifs ou des dommages r\u00e9sultant d&rsquo;une mauvaise utilisation du produit.<\/p>\n<p><strong>6. Proc\u00e9dure de r\u00e9clamation<\/strong><\/p>\n<p>6.1 Les plaintes concernant les produits ou le service doivent \u00eatre signal\u00e9es \u00e0 Second Use par \u00e9crit d\u00e8s que possible, mais au plus tard dans les 14 jours suivant leur d\u00e9couverte, via le service client\u00e8le \u00e0 l&rsquo;adresse \u00e9lectronique klantenservice@seconduse.be.<\/p>\n<p>6.2 Second Use contactera l&rsquo;acheteur dans les 14 jours suivant la r\u00e9ception de la plainte afin de discuter de la plainte et de trouver une solution appropri\u00e9e.<\/p>\n<p><strong>7. La force majeure<\/strong><\/p>\n<p>7.1 Le vendeur n&rsquo;est pas responsable si une d\u00e9faillance est due \u00e0 un cas de force majeure.<\/p>\n<p>7.2 On entend par force majeure toute circonstance ind\u00e9pendante de la volont\u00e9 et de l&rsquo;influence de Second Use, qui emp\u00eache temporairement ou d\u00e9finitivement l&rsquo;ex\u00e9cution du contrat.<\/p>\n<p><strong>8. Droit applicable et litiges<\/strong><\/p>\n<p>8.1 Les pr\u00e9sentes conditions g\u00e9n\u00e9rales et tous les accords sont r\u00e9gis par le droit n\u00e9erlandais.<\/p>\n<p>8.2 Les litiges entre Second Use et l&rsquo;Acheteur seront soumis, s&rsquo;ils ne peuvent \u00eatre r\u00e9solus par concertation, au tribunal comp\u00e9tent de l&rsquo;arrondissement o\u00f9 Second Use est \u00e9tabli.<\/p>\n<p><strong>9. Modifications des conditions g\u00e9n\u00e9rales<\/strong><\/p>\n<p>9.1 Second Use se r\u00e9serve le droit de modifier les pr\u00e9sentes conditions g\u00e9n\u00e9rales. Toute modification entrera en vigueur apr\u00e8s sa publication sur le site web de Second Use.<\/p>\n<p>En passant une commande aupr\u00e8s de Second Use, l&rsquo;acheteur accepte les pr\u00e9sentes conditions g\u00e9n\u00e9rales.<\/p>\n<p><strong>10. Contact<\/strong><\/p>\n<p>Chez Second Use B.V., nous nous effor\u00e7ons de livrer votre commande le plus rapidement possible et en parfait \u00e9tat. Vous avez des questions sur nos conditions g\u00e9n\u00e9rales ? Vous pouvez contacter Second Use aux coordonn\u00e9es ci-dessous :<\/p>\n<p>Second Use B.V. <br>Koperslagersstraat 5 <br>8601 WL Sneek <br>Pays-Bas<\/p>\n<p>Chambre de commerce : 90676157<br>TVA : NL865403429B01<\/p>\n<p>Tel : <a href=\"tel:0031857739956\">+31 (0)85 &#8211; 7739956<\/a> <br>Mail : <a href=\"mailto:Klantenservice@seconduse.be\">Klantenservice@seconduse.be<\/a><\/p>\n<\/div>\n<\/div>\n<\/div>\n<\/div>\n<\/div>\n<\/div>\n<\/div>\n<\/div>\n<\/div>\n<\/div>\n<\/div>\n<\/div>\n\n","protected":false},"excerpt":{"rendered":"","protected":false},"author":1,"featured_media":0,"parent":0,"menu_order":0,"comment_status":"closed","ping_status":"closed","template":"","meta":{"_acf_changed":false,"footnotes":""},"class_list":["post-5763","page","type-page","status-publish","hentry"],"acf":[],"jetpack_sharing_enabled":true,"_links":{"self":[{"href":"https:\/\/www.seconduse.be\/fr\/wp-json\/wp\/v2\/pages\/5763","targetHints":{"allow":["GET"]}}],"collection":[{"href":"https:\/\/www.seconduse.be\/fr\/wp-json\/wp\/v2\/pages"}],"about":[{"href":"https:\/\/www.seconduse.be\/fr\/wp-json\/wp\/v2\/types\/page"}],"author":[{"embeddable":true,"href":"https:\/\/www.seconduse.be\/fr\/wp-json\/wp\/v2\/users\/1"}],"replies":[{"embeddable":true,"href":"https:\/\/www.seconduse.be\/fr\/wp-json\/wp\/v2\/comments?post=5763"}],"version-history":[{"count":1,"href":"https:\/\/www.seconduse.be\/fr\/wp-json\/wp\/v2\/pages\/5763\/revisions"}],"predecessor-version":[{"id":5765,"href":"https:\/\/www.seconduse.be\/fr\/wp-json\/wp\/v2\/pages\/5763\/revisions\/5765"}],"wp:attachment":[{"href":"https:\/\/www.seconduse.be\/fr\/wp-json\/wp\/v2\/media?parent=5763"}],"curies":[{"name":"wp","href":"https:\/\/api.w.org\/{rel}","templated":true}]}}