{"id":5798,"date":"2025-06-08T12:41:03","date_gmt":"2025-06-08T12:41:03","guid":{"rendered":"https:\/\/www.seconduse.be\/product\/sonos-roam-white\/"},"modified":"2025-06-08T12:41:03","modified_gmt":"2025-06-08T10:41:03","slug":"sonos-roam-white","status":"publish","type":"product","link":"https:\/\/www.seconduse.be\/fr\/product\/sonos-roam-white\/","title":{"rendered":"Sonos Roam White"},"content":{"rendered":"<p>Le Sonos Roam est un haut-parleur intelligent portable qui d\u00e9livre un son exceptionnel sans fil dans un design compact et portable. Ce haut-parleur polyvalent est \u00e9quip\u00e9 d&rsquo;une connectivit\u00e9 Wi-Fi et Bluetooth, ce qui vous permet de passer facilement d&rsquo;un appareil \u00e0 l&rsquo;autre et d&rsquo;un environnement \u00e0 l&rsquo;autre. <\/p>\n<p>Gr\u00e2ce \u00e0 sa conception r\u00e9sistante aux intemp\u00e9ries, le Roam peut \u00eatre utilis\u00e9 \u00e0 l&rsquo;int\u00e9rieur comme \u00e0 l&rsquo;ext\u00e9rieur, ce qui vous permet de profiter de la musique partout o\u00f9 la vie vous m\u00e8ne. La batterie offre des heures de plaisir d&rsquo;\u00e9coute et le r\u00e9glage automatique Trueplay adapte le son \u00e0 l&rsquo;environnement pour une exp\u00e9rience d&rsquo;\u00e9coute optimale. <\/p>\n<p>La Roam est dot\u00e9e d&rsquo;une assistance vocale int\u00e9gr\u00e9e avec Amazon Alexa et Google Assistant, ce qui vous permet de contr\u00f4ler votre musique et vos appareils intelligents en mode mains libres. Le contr\u00f4le facile via l&rsquo;application Sonos vous permet d&rsquo;acc\u00e9der aux services de streaming et de coupler plusieurs haut-parleurs Sonos pour une exp\u00e9rience d&rsquo;\u00e9coute transparente dans diff\u00e9rentes pi\u00e8ces. <\/p>\n<p>Compact et l\u00e9ger, le Sonos Roam est con\u00e7u pour \u00eatre transport\u00e9, ce qui en fait le compagnon id\u00e9al pour les aventures en plein air et pour ajouter une ambiance musicale \u00e0 votre vie quotidienne.<\/p>\n","protected":false},"excerpt":{"rendered":"<p>Le Sonos Roam est un haut-parleur intelligent portable qui offre un son puissant dans un format compact. Gr\u00e2ce \u00e0 la connectivit\u00e9 Wi-Fi et Bluetooth, \u00e0 la r\u00e9sistance aux intemp\u00e9ries et \u00e0 l&rsquo;assistance vocale int\u00e9gr\u00e9e, le Roam offre une flexibilit\u00e9 audio portable lors de vos d\u00e9placements. <\/p>\n","protected":false},"featured_media":3527,"comment_status":"open","ping_status":"closed","template":"","meta":{"_acf_changed":false},"product_brand":[56],"product_cat":[68,69],"product_tag":[],"class_list":{"0":"post-5798","1":"product","2":"type-product","3":"status-publish","4":"has-post-thumbnail","6":"product_brand-sonos","7":"product_cat-audio-fr","8":"product_cat-sonos-fr","9":"product_shipping_class-0-10kg-fr-2","11":"first","12":"outofstock","13":"taxable","14":"shipping-taxable","15":"purchasable","16":"product-type-variable","17":"has-default-attributes"},"acf":{"MC_main_image":null,"MC_main_image_url":""},"jetpack_sharing_enabled":true,"_links":{"self":[{"href":"https:\/\/www.seconduse.be\/fr\/wp-json\/wp\/v2\/product\/5798","targetHints":{"allow":["GET"]}}],"collection":[{"href":"https:\/\/www.seconduse.be\/fr\/wp-json\/wp\/v2\/product"}],"about":[{"href":"https:\/\/www.seconduse.be\/fr\/wp-json\/wp\/v2\/types\/product"}],"replies":[{"embeddable":true,"href":"https:\/\/www.seconduse.be\/fr\/wp-json\/wp\/v2\/comments?post=5798"}],"wp:featuredmedia":[{"embeddable":true,"href":"https:\/\/www.seconduse.be\/fr\/wp-json\/wp\/v2\/media\/3527"}],"wp:attachment":[{"href":"https:\/\/www.seconduse.be\/fr\/wp-json\/wp\/v2\/media?parent=5798"}],"wp:term":[{"taxonomy":"product_brand","embeddable":true,"href":"https:\/\/www.seconduse.be\/fr\/wp-json\/wp\/v2\/product_brand?post=5798"},{"taxonomy":"product_cat","embeddable":true,"href":"https:\/\/www.seconduse.be\/fr\/wp-json\/wp\/v2\/product_cat?post=5798"},{"taxonomy":"product_tag","embeddable":true,"href":"https:\/\/www.seconduse.be\/fr\/wp-json\/wp\/v2\/product_tag?post=5798"}],"curies":[{"name":"wp","href":"https:\/\/api.w.org\/{rel}","templated":true}]}}