{"id":5799,"date":"2025-06-08T12:40:43","date_gmt":"2025-06-08T12:40:43","guid":{"rendered":"https:\/\/www.seconduse.be\/product\/sonos-sub-gen-2-blanc\/"},"modified":"2025-06-08T12:40:43","modified_gmt":"2025-06-08T10:40:43","slug":"sonos-sub-gen-2-blanc","status":"publish","type":"product","link":"https:\/\/www.seconduse.be\/fr\/product\/sonos-sub-gen-2-blanc\/","title":{"rendered":"Sonos Sub Gen 2 Blanc"},"content":{"rendered":"<p>Le Sonos Sub (Gen 2) est un impressionnant caisson de basses sans fil con\u00e7u pour am\u00e9liorer la gamme des basses fr\u00e9quences de votre musique et de vos films. Avec deux haut-parleurs \u00e0 annulation de force int\u00e9gr\u00e9s dans un design fin et \u00e9l\u00e9gant, le Sub (Gen 2) d\u00e9livre des basses profondes et riches sans distorsion. <\/p>\n<p>L&rsquo;installation facile utilise la connectivit\u00e9 sans fil, ce qui vous permet de placer le Sub (Gen 2) n&rsquo;importe o\u00f9 dans la pi\u00e8ce sans avoir \u00e0 vous pr\u00e9occuper des c\u00e2bles. Ce caisson de basses est sp\u00e9cialement con\u00e7u pour s&rsquo;int\u00e9grer parfaitement aux autres haut-parleurs Sonos, cr\u00e9ant ainsi un syst\u00e8me sonore \u00e9quilibr\u00e9 et puissant. <\/p>\n<p>Que vous \u00e9coutiez de la musique ou que vous regardiez un film, le Sub (Gen 2) ajoute une nouvelle dimension \u00e0 votre exp\u00e9rience d&rsquo;\u00e9coute. Le contr\u00f4le via l&rsquo;application Sonos permet d&rsquo;ajuster facilement les param\u00e8tres et d&rsquo;adapter les basses \u00e0 vos pr\u00e9f\u00e9rences. <\/p>\n<p>D\u00e9couvrez la profondeur du son avec le Sonos Sub (Gen 2), un compl\u00e9ment essentiel pour les amateurs de lecture audio puissante.<\/p>\n","protected":false},"excerpt":{"rendered":"<p>Le Sonos Sub (Gen 2) est un puissant caisson de basses sans fil qui ajoute des basses profondes et riches \u00e0 votre syst\u00e8me audio Sonos. Avec son design fin, son installation facile et sa connectivit\u00e9 sans fil, le Sub (Gen 2) offre une exp\u00e9rience d&rsquo;\u00e9coute immersive. <\/p>\n","protected":false},"featured_media":3500,"comment_status":"open","ping_status":"closed","template":"","meta":{"_acf_changed":false},"product_brand":[56],"product_cat":[68,69],"product_tag":[],"class_list":{"0":"post-5799","1":"product","2":"type-product","3":"status-publish","4":"has-post-thumbnail","6":"product_brand-sonos","7":"product_cat-audio-fr","8":"product_cat-sonos-fr","9":"product_shipping_class-0-10kg-fr-2","11":"first","12":"outofstock","13":"taxable","14":"shipping-taxable","15":"purchasable","16":"product-type-variable","17":"has-default-attributes"},"acf":{"MC_main_image":null,"MC_main_image_url":""},"jetpack_sharing_enabled":true,"_links":{"self":[{"href":"https:\/\/www.seconduse.be\/fr\/wp-json\/wp\/v2\/product\/5799","targetHints":{"allow":["GET"]}}],"collection":[{"href":"https:\/\/www.seconduse.be\/fr\/wp-json\/wp\/v2\/product"}],"about":[{"href":"https:\/\/www.seconduse.be\/fr\/wp-json\/wp\/v2\/types\/product"}],"replies":[{"embeddable":true,"href":"https:\/\/www.seconduse.be\/fr\/wp-json\/wp\/v2\/comments?post=5799"}],"wp:featuredmedia":[{"embeddable":true,"href":"https:\/\/www.seconduse.be\/fr\/wp-json\/wp\/v2\/media\/3500"}],"wp:attachment":[{"href":"https:\/\/www.seconduse.be\/fr\/wp-json\/wp\/v2\/media?parent=5799"}],"wp:term":[{"taxonomy":"product_brand","embeddable":true,"href":"https:\/\/www.seconduse.be\/fr\/wp-json\/wp\/v2\/product_brand?post=5799"},{"taxonomy":"product_cat","embeddable":true,"href":"https:\/\/www.seconduse.be\/fr\/wp-json\/wp\/v2\/product_cat?post=5799"},{"taxonomy":"product_tag","embeddable":true,"href":"https:\/\/www.seconduse.be\/fr\/wp-json\/wp\/v2\/product_tag?post=5799"}],"curies":[{"name":"wp","href":"https:\/\/api.w.org\/{rel}","templated":true}]}}