{"id":5809,"date":"2025-06-08T12:41:07","date_gmt":"2025-06-08T12:41:07","guid":{"rendered":"https:\/\/www.seconduse.be\/product\/philips-43pus7303-televiseur-intelligent-full-hd\/"},"modified":"2025-06-08T12:41:07","modified_gmt":"2025-06-08T10:41:07","slug":"philips-43pus7303-televiseur-intelligent-full-hd","status":"publish","type":"product","link":"https:\/\/www.seconduse.be\/fr\/product\/philips-43pus7303-televiseur-intelligent-full-hd\/","title":{"rendered":"Philips 43PUS7303 T\u00e9l\u00e9viseur intelligent Full HD"},"content":{"rendered":"<p>Le Philips 43PUS7303 est un t\u00e9l\u00e9viseur intelligent de 43 pouces qui impressionne par sa qualit\u00e9 d&rsquo;image 4K Ultra HD et ses fonctions intelligentes. Il est dot\u00e9 de la fonction Ambilight, qui permet \u00e0 la lumi\u00e8re du mur derri\u00e8re le t\u00e9l\u00e9viseur de s&rsquo;adapter aux couleurs de l&rsquo;\u00e9cran, ce qui rend l&rsquo;exp\u00e9rience visuelle plus intense. <\/p>\n<p>Gr\u00e2ce \u00e0 la technologie HDR Plus, ce t\u00e9l\u00e9viseur offre des images lumineuses et vivantes, avec un contraste accru et des d\u00e9tails am\u00e9lior\u00e9s dans les sc\u00e8nes claires et sombres. L&rsquo;ajout de la fonction Micro Dimming optimise le contraste \u00e0 l&rsquo;\u00e9cran en ajustant les zones individuelles, ce qui permet d&rsquo;obtenir des noirs plus profonds et des couleurs \u00e9clatantes. <\/p>\n<p>Le syst\u00e8me d&rsquo;exploitation Android TV donne acc\u00e8s \u00e0 un large \u00e9ventail d&rsquo;applications, de jeux et de services de diffusion en continu, ce qui vous permet d&rsquo;avoir un choix de divertissements pratiquement illimit\u00e9. Gr\u00e2ce \u00e0 l&rsquo;assistant Google int\u00e9gr\u00e9, vous pouvez m\u00eame contr\u00f4ler votre t\u00e9l\u00e9viseur avec votre voix. <\/p>\n<p>Avec le Wi-Fi int\u00e9gr\u00e9 et plusieurs ports HDMI et USB, le 43PUS7303 offre une connectivit\u00e9 \u00e9tendue. Son design fin et sa combinaison de technologies d&rsquo;image innovantes font de ce t\u00e9l\u00e9viseur Philips une pi\u00e8ce ma\u00eetresse puissante et \u00e9l\u00e9gante dans n&rsquo;importe quel espace de visionnage. <\/p>\n","protected":false},"excerpt":{"rendered":"<p>Le Philips 43PUS7303 est un t\u00e9l\u00e9viseur intelligent 4K Ultra HD de 43 pouces aux performances d&rsquo;image \u00e9poustouflantes. \u00c9quip\u00e9 d&rsquo;Ambilight, de HDR Plus et d&rsquo;Android TV pour une exp\u00e9rience visuelle immersive. <\/p>\n","protected":false},"featured_media":3534,"comment_status":"open","ping_status":"closed","template":"","meta":{"_acf_changed":false},"product_brand":[],"product_cat":[76,75],"product_tag":[],"class_list":{"0":"post-5809","1":"product","2":"type-product","3":"status-publish","4":"has-post-thumbnail","6":"product_cat-philips-fr","7":"product_cat-televiseurs","9":"first","10":"outofstock","11":"taxable","12":"shipping-taxable","13":"purchasable","14":"product-type-simple"},"acf":{"MC_main_image":null,"MC_main_image_url":""},"jetpack_sharing_enabled":true,"_links":{"self":[{"href":"https:\/\/www.seconduse.be\/fr\/wp-json\/wp\/v2\/product\/5809","targetHints":{"allow":["GET"]}}],"collection":[{"href":"https:\/\/www.seconduse.be\/fr\/wp-json\/wp\/v2\/product"}],"about":[{"href":"https:\/\/www.seconduse.be\/fr\/wp-json\/wp\/v2\/types\/product"}],"replies":[{"embeddable":true,"href":"https:\/\/www.seconduse.be\/fr\/wp-json\/wp\/v2\/comments?post=5809"}],"wp:featuredmedia":[{"embeddable":true,"href":"https:\/\/www.seconduse.be\/fr\/wp-json\/wp\/v2\/media\/3534"}],"wp:attachment":[{"href":"https:\/\/www.seconduse.be\/fr\/wp-json\/wp\/v2\/media?parent=5809"}],"wp:term":[{"taxonomy":"product_brand","embeddable":true,"href":"https:\/\/www.seconduse.be\/fr\/wp-json\/wp\/v2\/product_brand?post=5809"},{"taxonomy":"product_cat","embeddable":true,"href":"https:\/\/www.seconduse.be\/fr\/wp-json\/wp\/v2\/product_cat?post=5809"},{"taxonomy":"product_tag","embeddable":true,"href":"https:\/\/www.seconduse.be\/fr\/wp-json\/wp\/v2\/product_tag?post=5809"}],"curies":[{"name":"wp","href":"https:\/\/api.w.org\/{rel}","templated":true}]}}