{"id":5817,"date":"2025-06-08T12:41:06","date_gmt":"2025-06-08T12:41:06","guid":{"rendered":"https:\/\/www.seconduse.be\/product\/sonos-beam-blanc\/"},"modified":"2025-06-08T12:41:06","modified_gmt":"2025-06-08T10:41:06","slug":"sonos-beam-blanc","status":"publish","type":"product","link":"https:\/\/www.seconduse.be\/fr\/product\/sonos-beam-blanc\/","title":{"rendered":"Sonos Beam Blanc"},"content":{"rendered":"<p>La Sonos Beam est une puissante barre de son compacte con\u00e7ue pour faire passer votre divertissement \u00e0 domicile au niveau sup\u00e9rieur. Avec son design fin, le Beam s&rsquo;int\u00e8gre parfaitement sous la plupart des t\u00e9l\u00e9viseurs tout en offrant un son exceptionnel pour les films, les \u00e9missions de t\u00e9l\u00e9vision et la musique.<\/p>\n<p>Le Beam offre des dialogues clairs et des basses profondes pour une exp\u00e9rience d&rsquo;\u00e9coute immersive. Gr\u00e2ce \u00e0 la commande vocale via Amazon Alexa et Google Assistant, vous pouvez facilement contr\u00f4ler votre musique et r\u00e9cup\u00e9rer des informations sans utiliser votre t\u00e9l\u00e9commande.<\/p>\n<p>Gr\u00e2ce \u00e0 son installation facile, vous pouvez rapidement connecter la Beam \u00e0 votre t\u00e9l\u00e9viseur et int\u00e9grer d&rsquo;autres haut-parleurs Sonos pour un syst\u00e8me multiroom transparent. La barre de son offre \u00e9galement un acc\u00e8s aux services de streaming les plus populaires via l&rsquo;application Sonos, mettant ainsi vos chansons et listes de lecture pr\u00e9f\u00e9r\u00e9es \u00e0 port\u00e9e de main.<\/p>\n<p>Que vous regardiez un film, \u00e9coutiez de la musique ou jouiez \u00e0 un jeu, la Sonos Beam am\u00e9liore votre exp\u00e9rience d&rsquo;\u00e9coute gr\u00e2ce \u00e0 un son de haute qualit\u00e9 et \u00e0 des fonctions pratiques. Transformez votre salon gr\u00e2ce \u00e0 la puissance de la Sonos Beam.<\/p>\n","protected":false},"excerpt":{"rendered":"<p>La Sonos Beam est une barre de son compacte au son puissant. Con\u00e7ue pour la t\u00e9l\u00e9vision, les films et la musique, la Beam offre un contr\u00f4le vocal, une installation facile et une int\u00e9gration \u00e0 l&rsquo;\u00e9cosyst\u00e8me Sonos pour une exp\u00e9rience d&rsquo;\u00e9coute immersive.<\/p>\n","protected":false},"featured_media":3533,"comment_status":"open","ping_status":"closed","template":"","meta":{"_acf_changed":false},"product_brand":[56],"product_cat":[68,69],"product_tag":[],"class_list":{"0":"post-5817","1":"product","2":"type-product","3":"status-publish","4":"has-post-thumbnail","6":"product_brand-sonos","7":"product_cat-audio-fr","8":"product_cat-sonos-fr","9":"product_shipping_class-0-10kg-fr-2","11":"first","12":"outofstock","13":"taxable","14":"shipping-taxable","15":"purchasable","16":"product-type-variable","17":"has-default-attributes"},"acf":{"MC_main_image":null,"MC_main_image_url":""},"jetpack_sharing_enabled":true,"_links":{"self":[{"href":"https:\/\/www.seconduse.be\/fr\/wp-json\/wp\/v2\/product\/5817","targetHints":{"allow":["GET"]}}],"collection":[{"href":"https:\/\/www.seconduse.be\/fr\/wp-json\/wp\/v2\/product"}],"about":[{"href":"https:\/\/www.seconduse.be\/fr\/wp-json\/wp\/v2\/types\/product"}],"replies":[{"embeddable":true,"href":"https:\/\/www.seconduse.be\/fr\/wp-json\/wp\/v2\/comments?post=5817"}],"wp:featuredmedia":[{"embeddable":true,"href":"https:\/\/www.seconduse.be\/fr\/wp-json\/wp\/v2\/media\/3533"}],"wp:attachment":[{"href":"https:\/\/www.seconduse.be\/fr\/wp-json\/wp\/v2\/media?parent=5817"}],"wp:term":[{"taxonomy":"product_brand","embeddable":true,"href":"https:\/\/www.seconduse.be\/fr\/wp-json\/wp\/v2\/product_brand?post=5817"},{"taxonomy":"product_cat","embeddable":true,"href":"https:\/\/www.seconduse.be\/fr\/wp-json\/wp\/v2\/product_cat?post=5817"},{"taxonomy":"product_tag","embeddable":true,"href":"https:\/\/www.seconduse.be\/fr\/wp-json\/wp\/v2\/product_tag?post=5817"}],"curies":[{"name":"wp","href":"https:\/\/api.w.org\/{rel}","templated":true}]}}