{"id":5826,"date":"2025-06-08T12:41:25","date_gmt":"2025-06-08T12:41:25","guid":{"rendered":"https:\/\/www.seconduse.be\/product\/brosse-dyson-mini\/"},"modified":"2025-11-11T16:10:21","modified_gmt":"2025-11-11T15:10:21","slug":"brosse-dyson-mini","status":"publish","type":"product","link":"https:\/\/www.seconduse.be\/fr\/product\/brosse-dyson-mini\/","title":{"rendered":"Brosse Dyson Mini"},"content":{"rendered":"<p>La mini-brosse motoris\u00e9e Dyson est un accessoire pratique con\u00e7u sp\u00e9cialement pour les aspirateurs sans fil Dyson. Cette mini-brosse est con\u00e7ue pour un nettoyage cibl\u00e9 des petites surfaces et des endroits difficiles d&rsquo;acc\u00e8s, ce qui en fait un compl\u00e9ment polyvalent aux accessoires de nettoyage standard. <\/p>\n<p>Caract\u00e9ristiques principales de la mini-brosse motoris\u00e9e Dyson :<\/p>\n<ol>\n<li><strong>Moteur puissant :<\/strong> la mini-brosse poss\u00e8de son propre moteur interne, ce qui la rend autonome. Cela garantit une puissance d&rsquo;aspiration et une efficacit\u00e9 accrues dans l&rsquo;\u00e9limination de la poussi\u00e8re, de la salet\u00e9 et des cheveux. <\/li>\n<li><strong>Poils rotatifs :<\/strong> Les poils tournent, s&rsquo;enfon\u00e7ant efficacement dans les tissus et les rev\u00eatements. Cette caract\u00e9ristique est particuli\u00e8rement utile pour nettoyer les meubles, les si\u00e8ges de voiture et d&rsquo;autres surfaces o\u00f9 la salet\u00e9 peut s&rsquo;accumuler. <\/li>\n<li><strong>Convient aux poils d&rsquo;animaux :<\/strong> La mini-brosse motoris\u00e9e est id\u00e9ale pour \u00e9liminer les poils d&rsquo;animaux des tissus d&rsquo;ameublement et des tapis. Les poils rotatifs permettent de d\u00e9tacher les poils coinc\u00e9s pour un nettoyage en profondeur. <\/li>\n<li><strong>Compacte et maniable :<\/strong> Gr\u00e2ce \u00e0 sa taille compacte et \u00e0 sa conception maniable, cette mini-brosse est id\u00e9ale pour nettoyer les petits espaces, les coins et autres zones difficiles d&rsquo;acc\u00e8s.<\/li>\n<li><strong>Fixation facile :<\/strong> La mini-brosse motoris\u00e9e Dyson se fixe facilement \u00e0 l&rsquo;aspirateur, ce qui vous permet de passer rapidement d&rsquo;un accessoire \u00e0 l&rsquo;autre en fonction de vos besoins de nettoyage.<\/li>\n<\/ol>\n<p>Que vous ayez des animaux domestiques, que vous souhaitiez vous attaquer \u00e0 de petites zones en d\u00e9sordre ou que vous recherchiez simplement un outil pratique pour des t\u00e2ches de nettoyage sp\u00e9cifiques, la mini-brosse motoris\u00e9e Dyson ajoute une fonctionnalit\u00e9 suppl\u00e9mentaire \u00e0 votre aspirateur sans fil Dyson.<\/p>\n","protected":false},"excerpt":{"rendered":"<p>La mini-brosse motoris\u00e9e Dyson est un accessoire pratique con\u00e7u sp\u00e9cialement pour les aspirateurs sans fil Dyson. Cette mini-brosse est con\u00e7ue pour un nettoyage cibl\u00e9 des petites surfaces et des endroits difficiles d&rsquo;acc\u00e8s, ce qui en fait un compl\u00e9ment polyvalent aux accessoires de nettoyage standard. Caract\u00e9ristiques principales de la mini-brosse motoris\u00e9e Dyson : Moteur puissant : [&#8230;]\n","protected":false},"featured_media":3598,"comment_status":"open","ping_status":"closed","template":"","meta":{"_acf_changed":false},"product_brand":[54],"product_cat":[88,87],"product_tag":[],"class_list":{"0":"post-5826","1":"product","2":"type-product","3":"status-publish","4":"has-post-thumbnail","6":"product_brand-dyson","7":"product_cat-dyson-fr","8":"product_cat-hoovers","9":"product_shipping_class-0-10kg-fr-2","11":"first","12":"instock","13":"taxable","14":"shipping-taxable","15":"purchasable","16":"product-type-simple"},"acf":{"MC_main_image":null,"MC_main_image_url":""},"jetpack_sharing_enabled":true,"_links":{"self":[{"href":"https:\/\/www.seconduse.be\/fr\/wp-json\/wp\/v2\/product\/5826","targetHints":{"allow":["GET"]}}],"collection":[{"href":"https:\/\/www.seconduse.be\/fr\/wp-json\/wp\/v2\/product"}],"about":[{"href":"https:\/\/www.seconduse.be\/fr\/wp-json\/wp\/v2\/types\/product"}],"replies":[{"embeddable":true,"href":"https:\/\/www.seconduse.be\/fr\/wp-json\/wp\/v2\/comments?post=5826"}],"wp:featuredmedia":[{"embeddable":true,"href":"https:\/\/www.seconduse.be\/fr\/wp-json\/wp\/v2\/media\/3598"}],"wp:attachment":[{"href":"https:\/\/www.seconduse.be\/fr\/wp-json\/wp\/v2\/media?parent=5826"}],"wp:term":[{"taxonomy":"product_brand","embeddable":true,"href":"https:\/\/www.seconduse.be\/fr\/wp-json\/wp\/v2\/product_brand?post=5826"},{"taxonomy":"product_cat","embeddable":true,"href":"https:\/\/www.seconduse.be\/fr\/wp-json\/wp\/v2\/product_cat?post=5826"},{"taxonomy":"product_tag","embeddable":true,"href":"https:\/\/www.seconduse.be\/fr\/wp-json\/wp\/v2\/product_tag?post=5826"}],"curies":[{"name":"wp","href":"https:\/\/api.w.org\/{rel}","templated":true}]}}