{"id":5882,"date":"2025-06-08T12:41:53","date_gmt":"2025-06-08T12:41:53","guid":{"rendered":"https:\/\/www.seconduse.be\/product\/dyson-v8-aspirateur-uniquement\/"},"modified":"2025-07-08T20:27:14","modified_gmt":"2025-07-08T18:27:14","slug":"dyson-v8-aspirateur-uniquement","status":"publish","type":"product","link":"https:\/\/www.seconduse.be\/fr\/product\/dyson-v8-aspirateur-uniquement\/","title":{"rendered":"Dyson V8 (aspirateur uniquement)"},"content":{"rendered":"<p><strong>VEUILLEZ NOTER : Avec ce produit, vous ne recevez que l&rsquo;aspirateur en vrac.<\/strong><\/p>\n<p>Le Dyson V8, un aspirateur-balai sans fil de premier plan qui allie puissance et polyvalence pour un nettoyage efficace et facile de votre maison. Gr\u00e2ce \u00e0 ses technologies avanc\u00e9es et \u00e0 son design \u00e9pur\u00e9, le Dyson V8 offre une excellente exp\u00e9rience de nettoyage.<\/p>\n<p>Gr\u00e2ce au moteur num\u00e9rique V8 de Dyson, cet aspirateur-balai offre une aspiration puissante pour \u00e9liminer la poussi\u00e8re, la salet\u00e9 et les allerg\u00e8nes sur toutes les surfaces. Que ce soit sur des sols durs, des moquettes ou des tissus d&rsquo;ameublement, le V8 s&rsquo;adapte pour des performances optimales.<\/p>\n<p>La conception deux-en-un du Dyson V8 vous permet de l&rsquo;utiliser comme un aspirateur \u00e0 manche traditionnel ou comme un puissant aspirateur \u00e0 main pour des nettoyages rapides. Gr\u00e2ce aux diff\u00e9rents accessoires, notamment la buse de sol Direct Drive et l&rsquo;outil motoris\u00e9 Mini, vous \u00eates \u00e9quip\u00e9 pour r\u00e9pondre \u00e0 diff\u00e9rents besoins de nettoyage.<\/p>\n<p>La station d&rsquo;accueil pratique sert non seulement de station de charge, mais elle permet \u00e9galement de ranger les accessoires pour les avoir toujours \u00e0 port\u00e9e de main. Avec une dur\u00e9e de charge d&rsquo;environ 4 heures, le Dyson V8 Absolute offre jusqu&rsquo;\u00e0 40 minutes d&rsquo;utilisation, ce qui vous laisse suffisamment de temps pour nettoyer toute votre maison.<\/p>\n<p>Le Dyson V8 Absolute est dot\u00e9 d&rsquo;un syst\u00e8me de filtration HEPA efficace qui retient les allerg\u00e8nes et les poussi\u00e8res fines, ce qui permet d&rsquo;obtenir un air souffl\u00e9 plus propre. Il suffit d&rsquo;appuyer sur un bouton pour vider le bac \u00e0 poussi\u00e8re de mani\u00e8re simple et hygi\u00e9nique.<\/p>\n<p>Avec son design \u00e9l\u00e9gant, ses fonctions avanc\u00e9es et sa polyvalence, le Dyson V8 Absolute offre une solution pratique pour les t\u00e2ches de nettoyage quotidiennes. D\u00e9couvrez la libert\u00e9 du nettoyage sans fil avec le Dyson V8 Absolute.<\/p>\n","protected":false},"excerpt":{"rendered":"<p>VEUILLEZ NOTER : Avec ce produit, vous ne recevez que l&rsquo;aspirateur en vrac. Le Dyson V8, un aspirateur-balai sans fil de premier plan qui allie puissance et polyvalence pour un nettoyage efficace et facile de votre maison. Gr\u00e2ce \u00e0 ses technologies avanc\u00e9es et \u00e0 son design \u00e9pur\u00e9, le Dyson V8 offre une excellente exp\u00e9rience de [&#8230;]\n","protected":false},"featured_media":4425,"comment_status":"open","ping_status":"closed","template":"","meta":{"_acf_changed":false},"product_brand":[54],"product_cat":[88,87],"product_tag":[],"class_list":{"0":"post-5882","1":"product","2":"type-product","3":"status-publish","4":"has-post-thumbnail","6":"product_brand-dyson","7":"product_cat-dyson-fr","8":"product_cat-hoovers","9":"product_shipping_class-0-10kg-fr-2","11":"first","12":"outofstock","13":"taxable","14":"shipping-taxable","15":"purchasable","16":"product-type-simple"},"acf":{"MC_main_image":null,"MC_main_image_url":""},"jetpack_sharing_enabled":true,"_links":{"self":[{"href":"https:\/\/www.seconduse.be\/fr\/wp-json\/wp\/v2\/product\/5882","targetHints":{"allow":["GET"]}}],"collection":[{"href":"https:\/\/www.seconduse.be\/fr\/wp-json\/wp\/v2\/product"}],"about":[{"href":"https:\/\/www.seconduse.be\/fr\/wp-json\/wp\/v2\/types\/product"}],"replies":[{"embeddable":true,"href":"https:\/\/www.seconduse.be\/fr\/wp-json\/wp\/v2\/comments?post=5882"}],"wp:featuredmedia":[{"embeddable":true,"href":"https:\/\/www.seconduse.be\/fr\/wp-json\/wp\/v2\/media\/4425"}],"wp:attachment":[{"href":"https:\/\/www.seconduse.be\/fr\/wp-json\/wp\/v2\/media?parent=5882"}],"wp:term":[{"taxonomy":"product_brand","embeddable":true,"href":"https:\/\/www.seconduse.be\/fr\/wp-json\/wp\/v2\/product_brand?post=5882"},{"taxonomy":"product_cat","embeddable":true,"href":"https:\/\/www.seconduse.be\/fr\/wp-json\/wp\/v2\/product_cat?post=5882"},{"taxonomy":"product_tag","embeddable":true,"href":"https:\/\/www.seconduse.be\/fr\/wp-json\/wp\/v2\/product_tag?post=5882"}],"curies":[{"name":"wp","href":"https:\/\/api.w.org\/{rel}","templated":true}]}}