{"id":5894,"date":"2025-06-08T12:42:16","date_gmt":"2025-06-08T12:42:16","guid":{"rendered":"https:\/\/www.seconduse.be\/product\/jura-e8-platine\/"},"modified":"2025-06-08T12:42:16","modified_gmt":"2025-06-08T10:42:16","slug":"jura-e8-platine","status":"publish","type":"product","link":"https:\/\/www.seconduse.be\/fr\/product\/jura-e8-platine\/","title":{"rendered":"Jura E8 (Platine)"},"content":{"rendered":"<p data-start=\"65\" data-end=\"670\">La <strong data-start=\"68\" data-end=\"79\">Jura E8<\/strong> fait passer le plaisir du caf\u00e9 au niveau sup\u00e9rieur gr\u00e2ce \u00e0 sa technologie avanc\u00e9e et \u00e0 son design \u00e9l\u00e9gant. Que vous ayez envie d&rsquo;un expresso puissant, d&rsquo;un cappuccino cr\u00e9meux ou d&rsquo;un d\u00e9licieux blanc cass\u00e9, cette machine \u00e0 expresso enti\u00e8rement automatique vous facilitera la t\u00e2che. Gr\u00e2ce au <strong data-start=\"343\" data-end=\"372\">moulin \u00e0 caf\u00e9 professionnel Aroma Grinder<\/strong>, chaque grain de caf\u00e9 est moulu de mani\u00e8re optimale, ce qui permet d&rsquo;obtenir jusqu&rsquo;\u00e0 12,2 % d&rsquo;ar\u00f4me en plus. Le <strong data-start=\"452\" data-end=\"489\">processus d&rsquo;extraction par pulsation (P.E.P.)<\/strong> garantit un espresso plein de saveur, tandis que la <strong data-start=\"550\" data-end=\"582\">fonction Cappuccino One-Touch<\/strong> fait mousser le lait sans effort pour des cappuccinos et des latte macchiatos de qualit\u00e9 barista.<\/p>\n<p data-start=\"672\" data-end=\"995\">Ce qui rend le <strong data-start=\"679\" data-end=\"685\">E8<\/strong> vraiment sp\u00e9cial, c&rsquo;est son syst\u00e8me de traite modernis\u00e9. La <strong data-start=\"742\" data-end=\"775\">technologie de la mousse extra-fine<\/strong> permet d&rsquo;obtenir une micro-mousse velout\u00e9e, exactement comme dans un bon caf\u00e9. Gr\u00e2ce \u00e0 l&rsquo;<strong data-start=\"890\" data-end=\"908\">\u00e9cran couleur<\/strong> intuitif et aux commandes intelligentes, votre caf\u00e9 pr\u00e9f\u00e9r\u00e9 est \u00e0 port\u00e9e de main.<\/p>\n<p data-start=\"997\" data-end=\"1333\">De plus, l&rsquo;entretien est un jeu d&rsquo;enfant. La machine dispose d&rsquo;un <strong data-start=\"1067\" data-end=\"1112\">programme de rin\u00e7age et de nettoyage automatique<\/strong> et le syst\u00e8me de lait peut \u00eatre nettoy\u00e9 par simple pression d&rsquo;un bouton. Avec son design suisse \u00e9l\u00e9gant et sa finition de haute qualit\u00e9, la Jura E8 n&rsquo;est pas seulement une machine \u00e0 caf\u00e9, c&rsquo;est aussi un \u00e9l\u00e9ment qui attire l&rsquo;attention dans votre cuisine.<\/p>\n<p data-start=\"1335\" data-end=\"1426\">Vous voulez profiter de l&rsquo;exp\u00e9rience ultime du caf\u00e9 \u00e0 la maison ? Le <strong data-start=\"1392\" data-end=\"1403\">Jura E8<\/strong> vous attend !<\/p>\n","protected":false},"excerpt":{"rendered":"<p>La Jura E8 fait passer le plaisir du caf\u00e9 au niveau sup\u00e9rieur gr\u00e2ce \u00e0 sa technologie avanc\u00e9e et \u00e0 son design \u00e9l\u00e9gant. Que vous ayez envie d&rsquo;un expresso puissant, d&rsquo;un cappuccino cr\u00e9meux ou d&rsquo;un d\u00e9licieux blanc cass\u00e9, cette machine \u00e0 expresso enti\u00e8rement automatique vous facilitera la t\u00e2che. Gr\u00e2ce au moulin \u00e0 caf\u00e9 professionnel Aroma Grinder, [&#8230;]\n","protected":false},"featured_media":3730,"comment_status":"open","ping_status":"closed","template":"","meta":{"_acf_changed":false},"product_brand":[55],"product_cat":[91,90],"product_tag":[],"class_list":{"0":"post-5894","1":"product","2":"type-product","3":"status-publish","4":"has-post-thumbnail","6":"product_brand-jura","7":"product_cat-jura-fr","8":"product_cat-machines-a-cafe","10":"first","11":"outofstock","12":"taxable","13":"shipping-taxable","14":"purchasable","15":"product-type-variable","16":"has-default-attributes"},"acf":{"MC_main_image":null,"MC_main_image_url":""},"jetpack_sharing_enabled":true,"_links":{"self":[{"href":"https:\/\/www.seconduse.be\/fr\/wp-json\/wp\/v2\/product\/5894","targetHints":{"allow":["GET"]}}],"collection":[{"href":"https:\/\/www.seconduse.be\/fr\/wp-json\/wp\/v2\/product"}],"about":[{"href":"https:\/\/www.seconduse.be\/fr\/wp-json\/wp\/v2\/types\/product"}],"replies":[{"embeddable":true,"href":"https:\/\/www.seconduse.be\/fr\/wp-json\/wp\/v2\/comments?post=5894"}],"wp:featuredmedia":[{"embeddable":true,"href":"https:\/\/www.seconduse.be\/fr\/wp-json\/wp\/v2\/media\/3730"}],"wp:attachment":[{"href":"https:\/\/www.seconduse.be\/fr\/wp-json\/wp\/v2\/media?parent=5894"}],"wp:term":[{"taxonomy":"product_brand","embeddable":true,"href":"https:\/\/www.seconduse.be\/fr\/wp-json\/wp\/v2\/product_brand?post=5894"},{"taxonomy":"product_cat","embeddable":true,"href":"https:\/\/www.seconduse.be\/fr\/wp-json\/wp\/v2\/product_cat?post=5894"},{"taxonomy":"product_tag","embeddable":true,"href":"https:\/\/www.seconduse.be\/fr\/wp-json\/wp\/v2\/product_tag?post=5894"}],"curies":[{"name":"wp","href":"https:\/\/api.w.org\/{rel}","templated":true}]}}