{"id":5899,"date":"2025-06-08T12:42:17","date_gmt":"2025-06-08T12:42:17","guid":{"rendered":"https:\/\/www.seconduse.be\/product\/jura-we6\/"},"modified":"2025-06-08T12:42:17","modified_gmt":"2025-06-08T10:42:17","slug":"jura-we6","status":"publish","type":"product","link":"https:\/\/www.seconduse.be\/fr\/product\/jura-we6\/","title":{"rendered":"Jura We6"},"content":{"rendered":"<p data-start=\"71\" data-end=\"550\">La <strong data-start=\"74\" data-end=\"86\">Jura WE6<\/strong> est la machine \u00e0 espresso enti\u00e8rement automatique pour ceux qui souhaitent d\u00e9guster un caf\u00e9 de qualit\u00e9 sup\u00e9rieure dans leur magasin ou leur petite entreprise. Avec un g\u00e9n\u00e9reux <strong data-start=\"231\" data-end=\"261\">r\u00e9servoir d&rsquo;eau de 3 litres<\/strong>, un <strong data-start=\"267\" data-end=\"298\">bac \u00e0 grains de 500 g<\/strong> et un <strong data-start=\"306\" data-end=\"341\">bac \u00e0 marc de caf\u00e9 pour 25 portions<\/strong>, cette machine est parfaite pour les endroits o\u00f9 l&rsquo;on boit beaucoup de caf\u00e9. Que vous souhaitiez un espresso puissant, un lungo aromatique ou un caf\u00e9 noir classique, la WE6 vous le fournira sur simple pression d&rsquo;un bouton.  <\/p>\n<p data-start=\"552\" data-end=\"991\">La machine est \u00e9quip\u00e9e du <strong data-start=\"583\" data-end=\"612\">broyeur professionnel Aroma<\/strong>, qui garantit une mouture optimale et extrait jusqu&rsquo;\u00e0 <strong data-start=\"656\" data-end=\"676\">12,2 % d&rsquo;ar\u00f4me en plus des<\/strong> grains. Gr\u00e2ce au <strong data-start=\"709\" data-end=\"746\">proc\u00e9d\u00e9 d&rsquo;extraction par impulsion (P.E.P.)<\/strong>, chaque espresso est plein d&rsquo;ar\u00f4mes et parfaitement \u00e9quilibr\u00e9. L&rsquo;utilisation est facile gr\u00e2ce \u00e0 l&rsquo;<strong data-start=\"837\" data-end=\"866\">\u00e9cran couleur intuitif<\/strong> et, pour plus de commodit\u00e9, les r\u00e9glages du caf\u00e9 peuvent \u00eatre ajust\u00e9s et verrouill\u00e9s, ce qui est id\u00e9al pour un environnement de bureau.  <\/p>\n<p data-start=\"993\" data-end=\"1197\">L&rsquo;entretien est minimal car la WE6 est dot\u00e9e d&rsquo;un <strong data-start=\"1046\" data-end=\"1091\">programme de rin\u00e7age et de nettoyage automatique<\/strong> et utilise le <strong data-start=\"1130\" data-end=\"1153\">filtre CLARIS Smart<\/strong> de Jura, ce qui rend le d\u00e9tartrage pratiquement inutile.<\/p>\n<p data-start=\"1199\" data-end=\"1400\">Vous souhaitez une machine \u00e0 caf\u00e9 professionnelle performante et facile \u00e0 utiliser ? La <strong data-start=\"1296\" data-end=\"1308\">Jura WE6<\/strong> est le choix id\u00e9al pour les bureaux et les entreprises o\u00f9 seul le meilleur caf\u00e9 est suffisant. <\/p>\n","protected":false},"excerpt":{"rendered":"<p>La Jura WE6 est la machine \u00e0 espresso enti\u00e8rement automatique pour ceux qui souhaitent d\u00e9guster un caf\u00e9 de qualit\u00e9 sup\u00e9rieure dans leur magasin ou leur petite entreprise. Avec un g\u00e9n\u00e9reux r\u00e9servoir d&rsquo;eau de 3 litres, un bac \u00e0 grains de 500 g et un bac \u00e0 marc de caf\u00e9 pour 25 portions, cette machine est [&#8230;]\n","protected":false},"featured_media":3732,"comment_status":"open","ping_status":"closed","template":"","meta":{"_acf_changed":false},"product_brand":[55],"product_cat":[91,90],"product_tag":[],"class_list":{"0":"post-5899","1":"product","2":"type-product","3":"status-publish","4":"has-post-thumbnail","6":"product_brand-jura","7":"product_cat-jura-fr","8":"product_cat-machines-a-cafe","10":"first","11":"instock","12":"taxable","13":"shipping-taxable","14":"purchasable","15":"product-type-variable","16":"has-default-attributes"},"acf":{"MC_main_image":null,"MC_main_image_url":""},"jetpack_sharing_enabled":true,"_links":{"self":[{"href":"https:\/\/www.seconduse.be\/fr\/wp-json\/wp\/v2\/product\/5899","targetHints":{"allow":["GET"]}}],"collection":[{"href":"https:\/\/www.seconduse.be\/fr\/wp-json\/wp\/v2\/product"}],"about":[{"href":"https:\/\/www.seconduse.be\/fr\/wp-json\/wp\/v2\/types\/product"}],"replies":[{"embeddable":true,"href":"https:\/\/www.seconduse.be\/fr\/wp-json\/wp\/v2\/comments?post=5899"}],"wp:featuredmedia":[{"embeddable":true,"href":"https:\/\/www.seconduse.be\/fr\/wp-json\/wp\/v2\/media\/3732"}],"wp:attachment":[{"href":"https:\/\/www.seconduse.be\/fr\/wp-json\/wp\/v2\/media?parent=5899"}],"wp:term":[{"taxonomy":"product_brand","embeddable":true,"href":"https:\/\/www.seconduse.be\/fr\/wp-json\/wp\/v2\/product_brand?post=5899"},{"taxonomy":"product_cat","embeddable":true,"href":"https:\/\/www.seconduse.be\/fr\/wp-json\/wp\/v2\/product_cat?post=5899"},{"taxonomy":"product_tag","embeddable":true,"href":"https:\/\/www.seconduse.be\/fr\/wp-json\/wp\/v2\/product_tag?post=5899"}],"curies":[{"name":"wp","href":"https:\/\/api.w.org\/{rel}","templated":true}]}}