{"id":5900,"date":"2025-06-08T12:42:14","date_gmt":"2025-06-08T12:42:14","guid":{"rendered":"https:\/\/www.seconduse.be\/product\/filtres-dyson-v8\/"},"modified":"2025-06-08T12:42:14","modified_gmt":"2025-06-08T10:42:14","slug":"filtres-dyson-v8","status":"publish","type":"product","link":"https:\/\/www.seconduse.be\/fr\/product\/filtres-dyson-v8\/","title":{"rendered":"Filtres Dyson V8"},"content":{"rendered":"<p data-start=\"66\" data-end=\"402\">Tirez le meilleur parti de votre Dyson V8 gr\u00e2ce \u00e0 un filtre neuf et puissant ! Ce filtre capture les poussi\u00e8res microscopiques, les allerg\u00e8nes et m\u00eame les bact\u00e9ries, afin de garder non seulement vos sols propres, mais aussi l&rsquo;air de votre maison. Id\u00e9al pour les personnes souffrant d&rsquo;allergies ou simplement pour celles qui aiment vivre dans un environnement frais et sain.  <\/p>\n<p data-start=\"404\" data-end=\"751\">Le filtre est facile \u00e0 retirer et \u00e0 rincer, ce qui permet \u00e0 votre aspirateur de toujours fonctionner de mani\u00e8re optimale. Pour obtenir les meilleurs r\u00e9sultats, Dyson recommande de nettoyer le filtre une fois par mois et de le remplacer une fois par an. Vous remarquez que la puissance d&rsquo;aspiration diminue l\u00e9g\u00e8rement ou que votre aspirateur doit travailler plus fort ? Il est temps d&rsquo;en acheter un nouveau !   <\/p>\n","protected":false},"excerpt":{"rendered":"<p>Tirez le meilleur parti de votre Dyson V8 gr\u00e2ce \u00e0 un filtre neuf et puissant ! Ce filtre capture les poussi\u00e8res microscopiques, les allerg\u00e8nes et m\u00eame les bact\u00e9ries, afin de garder non seulement vos sols propres, mais aussi l&rsquo;air de votre maison. Id\u00e9al pour les personnes souffrant d&rsquo;allergies ou simplement pour celles qui aiment vivre [&#8230;]\n","protected":false},"featured_media":3727,"comment_status":"open","ping_status":"closed","template":"","meta":{"_acf_changed":false},"product_brand":[54],"product_cat":[88,87],"product_tag":[],"class_list":{"0":"post-5900","1":"product","2":"type-product","3":"status-publish","4":"has-post-thumbnail","6":"product_brand-dyson","7":"product_cat-dyson-fr","8":"product_cat-hoovers","10":"first","11":"outofstock","12":"taxable","13":"shipping-taxable","14":"purchasable","15":"product-type-simple"},"acf":{"MC_main_image":null,"MC_main_image_url":""},"jetpack_sharing_enabled":true,"_links":{"self":[{"href":"https:\/\/www.seconduse.be\/fr\/wp-json\/wp\/v2\/product\/5900","targetHints":{"allow":["GET"]}}],"collection":[{"href":"https:\/\/www.seconduse.be\/fr\/wp-json\/wp\/v2\/product"}],"about":[{"href":"https:\/\/www.seconduse.be\/fr\/wp-json\/wp\/v2\/types\/product"}],"replies":[{"embeddable":true,"href":"https:\/\/www.seconduse.be\/fr\/wp-json\/wp\/v2\/comments?post=5900"}],"wp:featuredmedia":[{"embeddable":true,"href":"https:\/\/www.seconduse.be\/fr\/wp-json\/wp\/v2\/media\/3727"}],"wp:attachment":[{"href":"https:\/\/www.seconduse.be\/fr\/wp-json\/wp\/v2\/media?parent=5900"}],"wp:term":[{"taxonomy":"product_brand","embeddable":true,"href":"https:\/\/www.seconduse.be\/fr\/wp-json\/wp\/v2\/product_brand?post=5900"},{"taxonomy":"product_cat","embeddable":true,"href":"https:\/\/www.seconduse.be\/fr\/wp-json\/wp\/v2\/product_cat?post=5900"},{"taxonomy":"product_tag","embeddable":true,"href":"https:\/\/www.seconduse.be\/fr\/wp-json\/wp\/v2\/product_tag?post=5900"}],"curies":[{"name":"wp","href":"https:\/\/api.w.org\/{rel}","templated":true}]}}