{"id":5907,"date":"2025-06-08T12:42:15","date_gmt":"2025-06-08T12:42:15","guid":{"rendered":"https:\/\/www.seconduse.be\/product\/jura-e6-platine\/"},"modified":"2025-06-08T12:42:15","modified_gmt":"2025-06-08T10:42:15","slug":"jura-e6-platine","status":"publish","type":"product","link":"https:\/\/www.seconduse.be\/fr\/product\/jura-e6-platine\/","title":{"rendered":"Jura E6 (Platine)"},"content":{"rendered":"<p data-start=\"57\" data-end=\"513\">La <strong data-start=\"60\" data-end=\"71\">Jura E6<\/strong> est la machine \u00e0 espresso enti\u00e8rement automatique pour ceux qui veulent d\u00e9guster un caf\u00e9 de qualit\u00e9 barista sans effort. D&rsquo;une simple pression sur un bouton, vous pouvez pr\u00e9parer un d\u00e9licieux espresso, caf\u00e9 ou cappuccino avec une cr\u00e8me parfaite. Gr\u00e2ce au <strong data-start=\"287\" data-end=\"316\">moulin professionnel Aroma<\/strong>, vos grains sont moulus de mani\u00e8re optimale, ce qui vous permet d&rsquo;obtenir jusqu&rsquo;\u00e0 12,2 % d&rsquo;ar\u00f4mes en plus pour chaque grain. Le <strong data-start=\"409\" data-end=\"446\" data-is-only-node=\"\">proc\u00e9d\u00e9 d&rsquo;extraction par impulsion (P.E.P.)<\/strong> garantit une saveur pleine et intense, m\u00eame avec un caf\u00e9 court.<\/p>\n<p data-start=\"515\" data-end=\"870\">Les amateurs de lait ne seront pas d\u00e9\u00e7us non plus : l&rsquo;E6 dispose d&rsquo;un syst\u00e8me de lait avanc\u00e9 qui cr\u00e9e sans effort une micro-mousse cr\u00e9meuse pour les cappuccinos et autres sp\u00e9cialit\u00e9s \u00e0 base de lait. Et le meilleur ? Vous n&rsquo;avez pratiquement rien \u00e0 faire pour l&rsquo;obtenir. Il se rince automatiquement et dispose d&rsquo;un programme de nettoyage intelligent, de sorte que vous n&rsquo;avez pratiquement pas besoin de l&rsquo;entretenir.<\/p>\n<p data-start=\"872\" data-end=\"1202\">Le design suisse \u00e9l\u00e9gant, associ\u00e9 \u00e0 un \u00e9cran couleur intuitif, fait du E6 un compl\u00e9ment \u00e9l\u00e9gant et convivial \u00e0 toute cuisine. Que vous aimiez un espresso puissant ou un cappuccino cr\u00e9meux, la <strong data-start=\"1103\" data-end=\"1114\">Jura E6<\/strong> produira toujours un caf\u00e9 de qualit\u00e9 sup\u00e9rieure. Le luxe, la commodit\u00e9 et le go\u00fbt se conjuguent ici \u00e0 la perfection !<\/p>\n","protected":false},"excerpt":{"rendered":"<p>La Jura E6 est la machine \u00e0 espresso enti\u00e8rement automatique pour ceux qui veulent d\u00e9guster un caf\u00e9 de qualit\u00e9 barista sans effort. D&rsquo;une simple pression sur un bouton, vous pouvez pr\u00e9parer un d\u00e9licieux espresso, caf\u00e9 ou cappuccino avec une cr\u00e8me parfaite. Gr\u00e2ce au moulin professionnel Aroma, vos grains sont moulus de mani\u00e8re optimale, ce qui [&#8230;]\n","protected":false},"featured_media":3729,"comment_status":"open","ping_status":"closed","template":"","meta":{"_acf_changed":false},"product_brand":[55],"product_cat":[91,90],"product_tag":[],"class_list":{"0":"post-5907","1":"product","2":"type-product","3":"status-publish","4":"has-post-thumbnail","6":"product_brand-jura","7":"product_cat-jura-fr","8":"product_cat-machines-a-cafe","10":"first","11":"instock","12":"taxable","13":"shipping-taxable","14":"purchasable","15":"product-type-variable","16":"has-default-attributes"},"acf":{"MC_main_image":null,"MC_main_image_url":""},"jetpack_sharing_enabled":true,"_links":{"self":[{"href":"https:\/\/www.seconduse.be\/fr\/wp-json\/wp\/v2\/product\/5907","targetHints":{"allow":["GET"]}}],"collection":[{"href":"https:\/\/www.seconduse.be\/fr\/wp-json\/wp\/v2\/product"}],"about":[{"href":"https:\/\/www.seconduse.be\/fr\/wp-json\/wp\/v2\/types\/product"}],"replies":[{"embeddable":true,"href":"https:\/\/www.seconduse.be\/fr\/wp-json\/wp\/v2\/comments?post=5907"}],"wp:featuredmedia":[{"embeddable":true,"href":"https:\/\/www.seconduse.be\/fr\/wp-json\/wp\/v2\/media\/3729"}],"wp:attachment":[{"href":"https:\/\/www.seconduse.be\/fr\/wp-json\/wp\/v2\/media?parent=5907"}],"wp:term":[{"taxonomy":"product_brand","embeddable":true,"href":"https:\/\/www.seconduse.be\/fr\/wp-json\/wp\/v2\/product_brand?post=5907"},{"taxonomy":"product_cat","embeddable":true,"href":"https:\/\/www.seconduse.be\/fr\/wp-json\/wp\/v2\/product_cat?post=5907"},{"taxonomy":"product_tag","embeddable":true,"href":"https:\/\/www.seconduse.be\/fr\/wp-json\/wp\/v2\/product_tag?post=5907"}],"curies":[{"name":"wp","href":"https:\/\/api.w.org\/{rel}","templated":true}]}}