{"id":5910,"date":"2025-06-08T12:42:16","date_gmt":"2025-06-08T12:42:16","guid":{"rendered":"https:\/\/www.seconduse.be\/product\/jura-e80-piano-black\/"},"modified":"2025-06-08T12:42:16","modified_gmt":"2025-06-08T10:42:16","slug":"jura-e80-piano-black","status":"publish","type":"product","link":"https:\/\/www.seconduse.be\/fr\/product\/jura-e80-piano-black\/","title":{"rendered":"Jura E80 (Piano Black)"},"content":{"rendered":"<p data-start=\"57\" data-end=\"569\">La <strong data-start=\"60\" data-end=\"72\">Jura E80<\/strong> allie la pr\u00e9cision suisse \u00e0 la commodit\u00e9 ultime, pour que vous puissiez d\u00e9guster chez vous des sp\u00e9cialit\u00e9s de caf\u00e9 dignes d&rsquo;un barista. D&rsquo;une simple pression sur un bouton, vous pouvez pr\u00e9parer un espresso, un lungo, un cappuccino ou un latte macchiato parfaits, toujours avec une saveur riche et une cr\u00e8me soyeuse. Gr\u00e2ce au <strong data-start=\"351\" data-end=\"380\">moulin \u00e0 ar\u00f4mes professionnel<\/strong>, vous obtenez jusqu&rsquo;\u00e0 12,2 % d&rsquo;ar\u00f4me en plus de vos grains, tandis que le <strong data-start=\"436\" data-end=\"473\">processus d&rsquo;extraction par impulsion (P.E.P.)<\/strong> garantit une extraction optimale, rendant m\u00eame les caf\u00e9s courts intenses et pleins d&rsquo;ar\u00f4mes.<\/p>\n<p data-start=\"571\" data-end=\"891\">Pour les sp\u00e9cialit\u00e9s laiti\u00e8res, le <strong data-start=\"604\" data-end=\"616\">Jura E80<\/strong> offre un syst\u00e8me de lait avanc\u00e9 avec la <strong data-start=\"649\" data-end=\"682\">technologie de la mousse extra-fine<\/strong>. Cela garantit une micro-mousse velout\u00e9e pour vos cappuccinos et latte macchiatos. De plus, le syst\u00e8me de lait est facile \u00e0 nettoyer gr\u00e2ce \u00e0 une fonction de rin\u00e7age sp\u00e9ciale, de sorte que l&rsquo;hygi\u00e8ne ne pose aucun probl\u00e8me.<\/p>\n<p data-start=\"893\" data-end=\"1152\">Gr\u00e2ce \u00e0 l&rsquo;<strong data-start=\"905\" data-end=\"934\">\u00e9cran couleur intuitif<\/strong> et aux touches claires, l&rsquo;utilisation est un jeu d&rsquo;enfant. La machine se rince et se nettoie automatiquement, vous n&rsquo;avez plus qu&rsquo;\u00e0 profiter. Avec son design \u00e9l\u00e9gant et moderne, le E80 s&rsquo;int\u00e8gre parfaitement dans toutes les cuisines.<\/p>\n<p data-start=\"1154\" data-end=\"1313\">Vous voulez un caf\u00e9 de qualit\u00e9 sup\u00e9rieure tous les jours sans avoir \u00e0 vous soucier de quoi que ce soit ? Le <strong data-start=\"1216\" data-end=\"1228\">Jura E80<\/strong> apporte une exp\u00e9rience de caf\u00e9 de luxe dans votre maison, avec la commodit\u00e9 et le go\u00fbt en parfaite harmonie !<\/p>\n","protected":false},"excerpt":{"rendered":"<p>La Jura E80 allie la pr\u00e9cision suisse \u00e0 la commodit\u00e9 ultime, pour que vous puissiez d\u00e9guster chez vous des sp\u00e9cialit\u00e9s de caf\u00e9 dignes d&rsquo;un barista. D&rsquo;une simple pression sur un bouton, vous pouvez pr\u00e9parer un espresso, un lungo, un cappuccino ou un latte macchiato parfaits, toujours avec une saveur riche et une cr\u00e8me soyeuse. Gr\u00e2ce [&#8230;]\n","protected":false},"featured_media":3731,"comment_status":"open","ping_status":"closed","template":"","meta":{"_acf_changed":false},"product_brand":[55],"product_cat":[91,90],"product_tag":[],"class_list":{"0":"post-5910","1":"product","2":"type-product","3":"status-publish","4":"has-post-thumbnail","6":"product_brand-jura","7":"product_cat-jura-fr","8":"product_cat-machines-a-cafe","10":"first","11":"outofstock","12":"taxable","13":"shipping-taxable","14":"purchasable","15":"product-type-variable","16":"has-default-attributes"},"acf":{"MC_main_image":null,"MC_main_image_url":""},"jetpack_sharing_enabled":true,"_links":{"self":[{"href":"https:\/\/www.seconduse.be\/fr\/wp-json\/wp\/v2\/product\/5910","targetHints":{"allow":["GET"]}}],"collection":[{"href":"https:\/\/www.seconduse.be\/fr\/wp-json\/wp\/v2\/product"}],"about":[{"href":"https:\/\/www.seconduse.be\/fr\/wp-json\/wp\/v2\/types\/product"}],"replies":[{"embeddable":true,"href":"https:\/\/www.seconduse.be\/fr\/wp-json\/wp\/v2\/comments?post=5910"}],"wp:featuredmedia":[{"embeddable":true,"href":"https:\/\/www.seconduse.be\/fr\/wp-json\/wp\/v2\/media\/3731"}],"wp:attachment":[{"href":"https:\/\/www.seconduse.be\/fr\/wp-json\/wp\/v2\/media?parent=5910"}],"wp:term":[{"taxonomy":"product_brand","embeddable":true,"href":"https:\/\/www.seconduse.be\/fr\/wp-json\/wp\/v2\/product_brand?post=5910"},{"taxonomy":"product_cat","embeddable":true,"href":"https:\/\/www.seconduse.be\/fr\/wp-json\/wp\/v2\/product_cat?post=5910"},{"taxonomy":"product_tag","embeddable":true,"href":"https:\/\/www.seconduse.be\/fr\/wp-json\/wp\/v2\/product_tag?post=5910"}],"curies":[{"name":"wp","href":"https:\/\/api.w.org\/{rel}","templated":true}]}}