{"id":5919,"date":"2025-06-08T12:39:55","date_gmt":"2025-06-08T12:39:55","guid":{"rendered":"https:\/\/www.seconduse.be\/product\/jura-impressa-f70-argent\/"},"modified":"2025-06-08T12:39:55","modified_gmt":"2025-06-08T10:39:55","slug":"jura-impressa-f70-argent","status":"publish","type":"product","link":"https:\/\/www.seconduse.be\/fr\/product\/jura-impressa-f70-argent\/","title":{"rendered":"Jura Impressa F70 Argent"},"content":{"rendered":"<p>La machine \u00e0 espresso Jura F70 incarne le summum du plaisir du caf\u00e9, avec une fusion de technologie avanc\u00e9e et de design intemporel. Con\u00e7ue pour les vrais puristes du caf\u00e9, la F70 offre une gamme de fonctions innovantes qui garantissent une exp\u00e9rience de caf\u00e9 in\u00e9gal\u00e9e. Avec son puissant syst\u00e8me d&rsquo;infusion, sa commande de pr\u00e9cision et ses options de programmation polyvalentes, cette machine vous permet de parfaire vos boissons pr\u00e9f\u00e9r\u00e9es, qu&rsquo;il s&rsquo;agisse d&rsquo;un espresso riche ou d&rsquo;un cappuccino cr\u00e9meux.  <\/p>\n<p>Le F70 n&rsquo;est pas seulement un ma\u00eetre de la performance, mais aussi un atout esth\u00e9tique pour toute cuisine. Son design \u00e9pur\u00e9 et contemporain ajoute une touche d&rsquo;\u00e9l\u00e9gance \u00e0 votre espace, tandis que les commandes intuitives et l&rsquo;affichage clair garantissent une exp\u00e9rience utilisateur sans effort. Que vous soyez un amateur d&rsquo;espresso \u00e0 la recherche de la perfection dans chaque tasse, ou un amateur de boissons sp\u00e9cialis\u00e9es appr\u00e9ciant la polyvalence d&rsquo;une machine \u00e0 espresso de haute qualit\u00e9, la Jura F70 r\u00e9pond \u00e0 toutes vos attentes et plus encore. Vivez l&rsquo;exp\u00e9rience ultime du caf\u00e9 \u00e0 la maison avec la Jura F70.   <\/p>\n","protected":false},"excerpt":{"rendered":"<p>La machine \u00e0 espresso Jura Impressa F70 est l&rsquo;incarnation de la performance de pointe en mati\u00e8re de caf\u00e9, avec une touche de luxe. Avec un syst\u00e8me d&rsquo;infusion puissant et des options programmables, la F70 offre une polyvalence in\u00e9gal\u00e9e dans la pr\u00e9paration du caf\u00e9. Le design \u00e9l\u00e9gant et l&rsquo;utilisation intuitive font de cette machine un compl\u00e9ment parfait aux cuisines \u00e9l\u00e9gantes, tandis que la qualit\u00e9 sans compromis garantit une exp\u00e9rience de caf\u00e9 exceptionnelle \u00e0 chaque tasse.  <\/p>\n<p>Chaque Jura est accompagn\u00e9 d&rsquo;un excellent pack de bienvenue d&rsquo;une valeur de 49,95 euros.<\/p>\n","protected":false},"featured_media":4240,"comment_status":"open","ping_status":"closed","template":"","meta":{"_acf_changed":false},"product_brand":[55],"product_cat":[91,90],"product_tag":[],"class_list":{"0":"post-5919","1":"product","2":"type-product","3":"status-publish","4":"has-post-thumbnail","6":"product_brand-jura","7":"product_cat-jura-fr","8":"product_cat-machines-a-cafe","9":"product_shipping_class-0-10kg-fr-2","11":"first","12":"outofstock","13":"taxable","14":"shipping-taxable","15":"purchasable","16":"product-type-variable","17":"has-default-attributes"},"acf":{"MC_main_image":null,"MC_main_image_url":""},"jetpack_sharing_enabled":true,"_links":{"self":[{"href":"https:\/\/www.seconduse.be\/fr\/wp-json\/wp\/v2\/product\/5919","targetHints":{"allow":["GET"]}}],"collection":[{"href":"https:\/\/www.seconduse.be\/fr\/wp-json\/wp\/v2\/product"}],"about":[{"href":"https:\/\/www.seconduse.be\/fr\/wp-json\/wp\/v2\/types\/product"}],"replies":[{"embeddable":true,"href":"https:\/\/www.seconduse.be\/fr\/wp-json\/wp\/v2\/comments?post=5919"}],"wp:featuredmedia":[{"embeddable":true,"href":"https:\/\/www.seconduse.be\/fr\/wp-json\/wp\/v2\/media\/4240"}],"wp:attachment":[{"href":"https:\/\/www.seconduse.be\/fr\/wp-json\/wp\/v2\/media?parent=5919"}],"wp:term":[{"taxonomy":"product_brand","embeddable":true,"href":"https:\/\/www.seconduse.be\/fr\/wp-json\/wp\/v2\/product_brand?post=5919"},{"taxonomy":"product_cat","embeddable":true,"href":"https:\/\/www.seconduse.be\/fr\/wp-json\/wp\/v2\/product_cat?post=5919"},{"taxonomy":"product_tag","embeddable":true,"href":"https:\/\/www.seconduse.be\/fr\/wp-json\/wp\/v2\/product_tag?post=5919"}],"curies":[{"name":"wp","href":"https:\/\/api.w.org\/{rel}","templated":true}]}}