{"id":5927,"date":"2025-06-08T12:39:56","date_gmt":"2025-06-08T12:39:56","guid":{"rendered":"https:\/\/www.seconduse.be\/product\/jura-impressa-f9-chrome\/"},"modified":"2025-06-08T12:39:56","modified_gmt":"2025-06-08T10:39:56","slug":"jura-impressa-f9-chrome","status":"publish","type":"product","link":"https:\/\/www.seconduse.be\/fr\/product\/jura-impressa-f9-chrome\/","title":{"rendered":"Jura Impressa F9 Chrome"},"content":{"rendered":"<p>La machine \u00e0 espresso Jura Impressa F9 Chrome est un chef-d&rsquo;\u0153uvre d&rsquo;esth\u00e9tique et de performance. Son \u00e9l\u00e9gant design chrom\u00e9 ajoute une touche de luxe \u00e0 toute cuisine. Con\u00e7ue pour les puristes du caf\u00e9, la F9 Chrome offre une technologie avanc\u00e9e combin\u00e9e \u00e0 un fonctionnement intuitif.  <\/p>\n<p>Gr\u00e2ce \u00e0 son puissant syst\u00e8me d&rsquo;infusion et \u00e0 ses options programmables, vous pouvez cr\u00e9er la tasse de caf\u00e9 parfaite selon vos pr\u00e9f\u00e9rences. Que vous aimiez un espresso cors\u00e9 pour commencer la journ\u00e9e ou un cappuccino cr\u00e9meux pour vous faire plaisir, la F9 Chrome vous offre une saveur et des ar\u00f4mes impeccables. Le bac \u00e0 grains spacieux et le mousseur \u00e0 lait int\u00e9gr\u00e9 vous permettent de pr\u00e9parer une vari\u00e9t\u00e9 de sp\u00e9cialit\u00e9s de caf\u00e9 sans effort.  <\/p>\n<p>Outre sa fonctionnalit\u00e9, le F9 Chrome est une pi\u00e8ce ma\u00eetresse dans votre cuisine. L&rsquo;affichage clair et les commandes intuitives rendent les r\u00e9glages faciles et agr\u00e9ables. La durabilit\u00e9 et la fiabilit\u00e9 sont garanties gr\u00e2ce aux mat\u00e9riaux et \u00e0 la construction de haute qualit\u00e9.  <\/p>\n<p>Vivez l&rsquo;exp\u00e9rience ultime du caf\u00e9 \u00e0 la maison avec la Jura Impressa F9 Chrome, o\u00f9 le design et la technologie s&rsquo;unissent pour une tasse de caf\u00e9 parfaite.<\/p>\n","protected":false},"excerpt":{"rendered":"<p>La machine \u00e0 espresso Jura Impressa F9 Chrome allie une technologie de pointe \u00e0 un design chrom\u00e9 \u00e9l\u00e9gant. Savourez un caf\u00e9 parfait gr\u00e2ce au puissant syst\u00e8me d&rsquo;infusion et aux options programmables. Ajoutez du style et de la pr\u00e9cision \u00e0 votre exp\u00e9rience du caf\u00e9.  <\/p>\n<p>Chaque Jura est accompagn\u00e9 d&rsquo;un excellent pack de bienvenue d&rsquo;une valeur de 49,95 \u20ac.<\/p>\n","protected":false},"featured_media":4256,"comment_status":"open","ping_status":"closed","template":"","meta":{"_acf_changed":false},"product_brand":[55],"product_cat":[91,90],"product_tag":[],"class_list":{"0":"post-5927","1":"product","2":"type-product","3":"status-publish","4":"has-post-thumbnail","6":"product_brand-jura","7":"product_cat-jura-fr","8":"product_cat-machines-a-cafe","9":"product_shipping_class-0-10kg-fr-2","11":"first","12":"outofstock","13":"taxable","14":"shipping-taxable","15":"purchasable","16":"product-type-variable","17":"has-default-attributes"},"acf":{"MC_main_image":null,"MC_main_image_url":""},"jetpack_sharing_enabled":true,"_links":{"self":[{"href":"https:\/\/www.seconduse.be\/fr\/wp-json\/wp\/v2\/product\/5927","targetHints":{"allow":["GET"]}}],"collection":[{"href":"https:\/\/www.seconduse.be\/fr\/wp-json\/wp\/v2\/product"}],"about":[{"href":"https:\/\/www.seconduse.be\/fr\/wp-json\/wp\/v2\/types\/product"}],"replies":[{"embeddable":true,"href":"https:\/\/www.seconduse.be\/fr\/wp-json\/wp\/v2\/comments?post=5927"}],"wp:featuredmedia":[{"embeddable":true,"href":"https:\/\/www.seconduse.be\/fr\/wp-json\/wp\/v2\/media\/4256"}],"wp:attachment":[{"href":"https:\/\/www.seconduse.be\/fr\/wp-json\/wp\/v2\/media?parent=5927"}],"wp:term":[{"taxonomy":"product_brand","embeddable":true,"href":"https:\/\/www.seconduse.be\/fr\/wp-json\/wp\/v2\/product_brand?post=5927"},{"taxonomy":"product_cat","embeddable":true,"href":"https:\/\/www.seconduse.be\/fr\/wp-json\/wp\/v2\/product_cat?post=5927"},{"taxonomy":"product_tag","embeddable":true,"href":"https:\/\/www.seconduse.be\/fr\/wp-json\/wp\/v2\/product_tag?post=5927"}],"curies":[{"name":"wp","href":"https:\/\/api.w.org\/{rel}","templated":true}]}}