{"id":5930,"date":"2025-06-08T12:39:52","date_gmt":"2025-06-08T12:39:52","guid":{"rendered":"https:\/\/www.seconduse.be\/product\/jura-impressa-c60-piano-black\/"},"modified":"2025-06-08T12:39:52","modified_gmt":"2025-06-08T10:39:52","slug":"jura-impressa-c60-piano-black","status":"publish","type":"product","link":"https:\/\/www.seconduse.be\/fr\/product\/jura-impressa-c60-piano-black\/","title":{"rendered":"Jura Impressa C60 Piano Black"},"content":{"rendered":"<p>Entrez dans le monde du caf\u00e9 sophistiqu\u00e9 avec l&rsquo;Impressa C60 de Jura, une \u00e9l\u00e9gante machine \u00e0 espresso qui allie un savoir-faire magistral et des technologies de pointe pour une exp\u00e9rience de caf\u00e9 in\u00e9gal\u00e9e. L&rsquo;Impressa C60 est con\u00e7ue avec le souci du d\u00e9tail et offre des fonctionnalit\u00e9s impressionnantes, ce qui en fait le compagnon id\u00e9al des amateurs de caf\u00e9 qui recherchent la perfection dans chaque tasse. <\/p>\n<p>L&rsquo;Impressa C60 vous permet de d\u00e9guster sans effort un caf\u00e9 de qualit\u00e9 barista dans le confort de votre maison. Les disques de broyage coniques de haute qualit\u00e9 broient les grains de caf\u00e9 avec pr\u00e9cision, pr\u00e9servant de mani\u00e8re optimale tous les ar\u00f4mes et les saveurs. Le groupe d&rsquo;infusion variable et la force du caf\u00e9 r\u00e9glable vous permettent de cr\u00e9er la tasse de caf\u00e9 parfaite selon vos pr\u00e9f\u00e9rences.  <\/p>\n<p>Le panneau de commande simple de l&rsquo;Impressa C60 vous permet de personnaliser vos pr\u00e9f\u00e9rences en mati\u00e8re de caf\u00e9 de mani\u00e8re simple et intuitive. Il vous suffit d&rsquo;appuyer sur quelques boutons pour pr\u00e9parer des espressos, des lungos et d&rsquo;autres vari\u00e9t\u00e9s de caf\u00e9 \u00e0 votre go\u00fbt. La machine est \u00e9quip\u00e9e d&rsquo;une buse \u00e0 vapeur pour pr\u00e9parer une mousse de lait cr\u00e9meuse, ce qui vous permet de d\u00e9guster de d\u00e9licieux cappuccinos et latte macchiatos.  <\/p>\n<p>Des technologies intelligentes, telles que le syst\u00e8me intelligent d&rsquo;ar\u00f4mes avant l&rsquo;infusion (I.P.B.A.S.\u00a9), garantissent un temps d&rsquo;extraction optimis\u00e9 et un d\u00e9ploiement maximal des ar\u00f4mes, faisant de chaque tasse de caf\u00e9 un v\u00e9ritable plaisir.<\/p>\n<p>Le corps durable et \u00e9l\u00e9gant de la Jura Impressa C60 ajoute une touche d&rsquo;\u00e9l\u00e9gance \u00e0 votre cuisine. Le programme de nettoyage et de d\u00e9tartrage automatique facilite l&rsquo;entretien, de sorte que la machine reste toujours en parfait \u00e9tat. <\/p>\n<p>D\u00e9couvrez la combinaison parfaite de l&rsquo;esth\u00e9tique, de la fonctionnalit\u00e9 et de la qualit\u00e9 du caf\u00e9 avec la Jura Impressa C60 &#8211; une machine \u00e0 espresso qui plaira \u00e0 tous les amateurs de caf\u00e9.<\/p>\n","protected":false},"excerpt":{"rendered":"<p>La machine \u00e0 espresso Jura Impressa C60 vous permet de savourer un caf\u00e9 sublime avec une touche de luxe. Dot\u00e9e d&rsquo;un syst\u00e8me d&rsquo;infusion puissant et de niveaux de mouture r\u00e9glables, la C60 d\u00e9livre des espressos et des sp\u00e9cialit\u00e9s de caf\u00e9 parfaits \u00e0 chaque fois. Son design \u00e9l\u00e9gant et sa facilit\u00e9 d&rsquo;utilisation font de cette machine un compl\u00e9ment styl\u00e9 \u00e0 toute cuisine, tandis que sa technologie avanc\u00e9e garantit une exp\u00e9rience de caf\u00e9 in\u00e9gal\u00e9e.  <\/p>\n<p>Chaque Jura est accompagn\u00e9 d&rsquo;un excellent pack de bienvenue d&rsquo;une valeur de 49,95 euros.<\/p>\n","protected":false},"featured_media":3323,"comment_status":"open","ping_status":"closed","template":"","meta":{"_acf_changed":false},"product_brand":[55],"product_cat":[91,90],"product_tag":[],"class_list":{"0":"post-5930","1":"product","2":"type-product","3":"status-publish","4":"has-post-thumbnail","6":"product_brand-jura","7":"product_cat-jura-fr","8":"product_cat-machines-a-cafe","9":"product_shipping_class-0-10kg-fr-2","11":"first","12":"outofstock","13":"taxable","14":"shipping-taxable","15":"purchasable","16":"product-type-variable","17":"has-default-attributes"},"acf":{"MC_main_image":null,"MC_main_image_url":""},"jetpack_sharing_enabled":true,"_links":{"self":[{"href":"https:\/\/www.seconduse.be\/fr\/wp-json\/wp\/v2\/product\/5930","targetHints":{"allow":["GET"]}}],"collection":[{"href":"https:\/\/www.seconduse.be\/fr\/wp-json\/wp\/v2\/product"}],"about":[{"href":"https:\/\/www.seconduse.be\/fr\/wp-json\/wp\/v2\/types\/product"}],"replies":[{"embeddable":true,"href":"https:\/\/www.seconduse.be\/fr\/wp-json\/wp\/v2\/comments?post=5930"}],"wp:featuredmedia":[{"embeddable":true,"href":"https:\/\/www.seconduse.be\/fr\/wp-json\/wp\/v2\/media\/3323"}],"wp:attachment":[{"href":"https:\/\/www.seconduse.be\/fr\/wp-json\/wp\/v2\/media?parent=5930"}],"wp:term":[{"taxonomy":"product_brand","embeddable":true,"href":"https:\/\/www.seconduse.be\/fr\/wp-json\/wp\/v2\/product_brand?post=5930"},{"taxonomy":"product_cat","embeddable":true,"href":"https:\/\/www.seconduse.be\/fr\/wp-json\/wp\/v2\/product_cat?post=5930"},{"taxonomy":"product_tag","embeddable":true,"href":"https:\/\/www.seconduse.be\/fr\/wp-json\/wp\/v2\/product_tag?post=5930"}],"curies":[{"name":"wp","href":"https:\/\/api.w.org\/{rel}","templated":true}]}}