{"id":5933,"date":"2025-06-08T12:39:57","date_gmt":"2025-06-08T12:39:57","guid":{"rendered":"https:\/\/www.seconduse.be\/product\/jura-impressa-j9-piano-blanc\/"},"modified":"2025-06-08T12:39:57","modified_gmt":"2025-06-08T10:39:57","slug":"jura-impressa-j9-piano-blanc","status":"publish","type":"product","link":"https:\/\/www.seconduse.be\/fr\/product\/jura-impressa-j9-piano-blanc\/","title":{"rendered":"Jura Impressa J9 Piano blanc"},"content":{"rendered":"<p>La machine \u00e0 espresso Jura Impressa J9 Piano White est un chef-d&rsquo;\u0153uvre de technologie avanc\u00e9e et de design \u00e9l\u00e9gant. Le design blanc laqu\u00e9 piano ajoute une touche de sophistication \u00e0 toute cuisine. Cette machine est con\u00e7ue pour \u00e9lever l&rsquo;exp\u00e9rience du caf\u00e9 avec un syst\u00e8me d&rsquo;infusion puissant et des options programmables pour une exp\u00e9rience de caf\u00e9 personnalis\u00e9e.  <\/p>\n<p>Que vous pr\u00e9f\u00e9riez un expresso intense pour commencer la journ\u00e9e ou un cappuccino velout\u00e9 pour vous faire plaisir, la J9 Piano White d\u00e9livre des saveurs et des ar\u00f4mes toujours exceptionnels. L&rsquo;\u00e9cran tactile convivial facilite le r\u00e9glage des param\u00e8tres, tandis que le design moderne s&rsquo;int\u00e8gre avec \u00e9l\u00e9gance \u00e0 l&rsquo;int\u00e9rieur de votre cuisine. <\/p>\n<p>La Jura Impressa J9 Piano White n&rsquo;est pas seulement une machine \u00e0 caf\u00e9, c&rsquo;est un compagnon visuellement attrayant qui combine harmonieusement fonctionnalit\u00e9 et esth\u00e9tique. Le bac \u00e0 grains spacieux et le mousseur \u00e0 lait int\u00e9gr\u00e9 offrent une grande polyvalence dans la pr\u00e9paration du caf\u00e9, tandis que les mat\u00e9riaux de haute qualit\u00e9 garantissent la durabilit\u00e9 et la fiabilit\u00e9 de l&rsquo;appareil. <\/p>\n<p>D\u00e9couvrez la tasse de caf\u00e9 parfaite avec la Jura Impressa J9 Piano White, o\u00f9 la technologie avanc\u00e9e et le design sophistiqu\u00e9 s&rsquo;unissent pour une exp\u00e9rience de caf\u00e9 in\u00e9gal\u00e9e.<\/p>\n","protected":false},"excerpt":{"rendered":"<p>La machine \u00e0 espresso Jura Impressa J9 Piano White allie une technologie de pointe \u00e0 un design sophistiqu\u00e9 en laque de piano blanche. Faites l&rsquo;exp\u00e9rience d&rsquo;un caf\u00e9 parfait gr\u00e2ce au puissant syst\u00e8me d&rsquo;infusion et aux options programmables. Ajoutez de l&rsquo;\u00e9l\u00e9gance et de la commodit\u00e9 \u00e0 votre routine caf\u00e9.  <\/p>\n<p>Chaque Jura est accompagn\u00e9 d&rsquo;un excellent pack de bienvenue d&rsquo;une valeur de 49,95 \u20ac.<\/p>\n","protected":false},"featured_media":3373,"comment_status":"open","ping_status":"closed","template":"","meta":{"_acf_changed":false},"product_brand":[55],"product_cat":[91,90],"product_tag":[],"class_list":{"0":"post-5933","1":"product","2":"type-product","3":"status-publish","4":"has-post-thumbnail","6":"product_brand-jura","7":"product_cat-jura-fr","8":"product_cat-machines-a-cafe","9":"product_shipping_class-0-10kg-fr-2","11":"first","12":"outofstock","13":"taxable","14":"shipping-taxable","15":"purchasable","16":"product-type-variable","17":"has-default-attributes"},"acf":{"MC_main_image":null,"MC_main_image_url":""},"jetpack_sharing_enabled":true,"_links":{"self":[{"href":"https:\/\/www.seconduse.be\/fr\/wp-json\/wp\/v2\/product\/5933","targetHints":{"allow":["GET"]}}],"collection":[{"href":"https:\/\/www.seconduse.be\/fr\/wp-json\/wp\/v2\/product"}],"about":[{"href":"https:\/\/www.seconduse.be\/fr\/wp-json\/wp\/v2\/types\/product"}],"replies":[{"embeddable":true,"href":"https:\/\/www.seconduse.be\/fr\/wp-json\/wp\/v2\/comments?post=5933"}],"wp:featuredmedia":[{"embeddable":true,"href":"https:\/\/www.seconduse.be\/fr\/wp-json\/wp\/v2\/media\/3373"}],"wp:attachment":[{"href":"https:\/\/www.seconduse.be\/fr\/wp-json\/wp\/v2\/media?parent=5933"}],"wp:term":[{"taxonomy":"product_brand","embeddable":true,"href":"https:\/\/www.seconduse.be\/fr\/wp-json\/wp\/v2\/product_brand?post=5933"},{"taxonomy":"product_cat","embeddable":true,"href":"https:\/\/www.seconduse.be\/fr\/wp-json\/wp\/v2\/product_cat?post=5933"},{"taxonomy":"product_tag","embeddable":true,"href":"https:\/\/www.seconduse.be\/fr\/wp-json\/wp\/v2\/product_tag?post=5933"}],"curies":[{"name":"wp","href":"https:\/\/api.w.org\/{rel}","templated":true}]}}