{"id":5939,"date":"2025-06-08T12:39:58","date_gmt":"2025-06-08T12:39:58","guid":{"rendered":"https:\/\/www.seconduse.be\/product\/jura-impressa-j9-3-noir\/"},"modified":"2025-06-08T12:39:58","modified_gmt":"2025-06-08T10:39:58","slug":"jura-impressa-j9-3-noir","status":"publish","type":"product","link":"https:\/\/www.seconduse.be\/fr\/product\/jura-impressa-j9-3-noir\/","title":{"rendered":"Jura Impressa J9.3 Noir"},"content":{"rendered":"<p>La machine \u00e0 espresso Jura Impressa J9.3 est un parangon de technologie avanc\u00e9e envelopp\u00e9e dans un design \u00e9l\u00e9gant. Dot\u00e9e d&rsquo;une s\u00e9rie de fonctions innovantes, cette machine offre une exp\u00e9rience ultime en mati\u00e8re de caf\u00e9. Le puissant syst\u00e8me d&rsquo;infusion et les options programmables vous permettent de cr\u00e9er la tasse de caf\u00e9 parfaite, adapt\u00e9e \u00e0 vos pr\u00e9f\u00e9rences personnelles.  <\/p>\n<p>Que vous ayez envie d&rsquo;un espresso cors\u00e9 pour commencer votre journ\u00e9e ou d&rsquo;un caf\u00e9 latte cr\u00e9meux pour un moment de d\u00e9tente, la J9.3 d\u00e9livre constamment des saveurs et des ar\u00f4mes exceptionnels. L&rsquo;\u00e9cran tactile convivial permet d&rsquo;ajuster facilement les r\u00e9glages que vous souhaitez, tandis que le design \u00e9l\u00e9gant ajoute une touche de sophistication \u00e0 toute cuisine. <\/p>\n<p>La Jura Impressa J9.3 n&rsquo;est pas seulement une machine \u00e0 caf\u00e9, c&rsquo;est un compagnon sophistiqu\u00e9 qui int\u00e8gre parfaitement le design et la fonctionnalit\u00e9. Le bac \u00e0 grains spacieux et le mousseur \u00e0 lait int\u00e9gr\u00e9 offrent une grande polyvalence dans la pr\u00e9paration du caf\u00e9, tandis que les mat\u00e9riaux durables garantissent une fiabilit\u00e9 \u00e0 long terme. <\/p>\n<p>D\u00e9couvrez la tasse de caf\u00e9 parfaite avec la Jura Impressa J9.3, o\u00f9 la technologie de pointe et le design \u00e9l\u00e9gant s&rsquo;allient pour une exp\u00e9rience de caf\u00e9 in\u00e9gal\u00e9e.<\/p>\n","protected":false},"excerpt":{"rendered":"<p>La machine \u00e0 espresso Jura Impressa J9.3 allie une technologie de pointe \u00e0 un design \u00e9l\u00e9gant. Faites l&rsquo;exp\u00e9rience d&rsquo;un caf\u00e9 parfait gr\u00e2ce au puissant syst\u00e8me d&rsquo;infusion et aux options programmables. Ajoutez du style et de la commodit\u00e9 \u00e0 votre routine caf\u00e9.  <\/p>\n<p>Chaque Jura est accompagn\u00e9 d&rsquo;un excellent pack de bienvenue d&rsquo;une valeur de 49,95 \u20ac.<\/p>\n","protected":false},"featured_media":4267,"comment_status":"open","ping_status":"closed","template":"","meta":{"_acf_changed":false},"product_brand":[55],"product_cat":[91,90],"product_tag":[],"class_list":{"0":"post-5939","1":"product","2":"type-product","3":"status-publish","4":"has-post-thumbnail","6":"product_brand-jura","7":"product_cat-jura-fr","8":"product_cat-machines-a-cafe","9":"product_shipping_class-0-10kg-fr-2","11":"first","12":"outofstock","13":"taxable","14":"shipping-taxable","15":"purchasable","16":"product-type-variable","17":"has-default-attributes"},"acf":{"MC_main_image":null,"MC_main_image_url":""},"jetpack_sharing_enabled":true,"_links":{"self":[{"href":"https:\/\/www.seconduse.be\/fr\/wp-json\/wp\/v2\/product\/5939","targetHints":{"allow":["GET"]}}],"collection":[{"href":"https:\/\/www.seconduse.be\/fr\/wp-json\/wp\/v2\/product"}],"about":[{"href":"https:\/\/www.seconduse.be\/fr\/wp-json\/wp\/v2\/types\/product"}],"replies":[{"embeddable":true,"href":"https:\/\/www.seconduse.be\/fr\/wp-json\/wp\/v2\/comments?post=5939"}],"wp:featuredmedia":[{"embeddable":true,"href":"https:\/\/www.seconduse.be\/fr\/wp-json\/wp\/v2\/media\/4267"}],"wp:attachment":[{"href":"https:\/\/www.seconduse.be\/fr\/wp-json\/wp\/v2\/media?parent=5939"}],"wp:term":[{"taxonomy":"product_brand","embeddable":true,"href":"https:\/\/www.seconduse.be\/fr\/wp-json\/wp\/v2\/product_brand?post=5939"},{"taxonomy":"product_cat","embeddable":true,"href":"https:\/\/www.seconduse.be\/fr\/wp-json\/wp\/v2\/product_cat?post=5939"},{"taxonomy":"product_tag","embeddable":true,"href":"https:\/\/www.seconduse.be\/fr\/wp-json\/wp\/v2\/product_tag?post=5939"}],"curies":[{"name":"wp","href":"https:\/\/api.w.org\/{rel}","templated":true}]}}