{"id":6630,"date":"2026-03-05T15:36:26","date_gmt":"2026-03-05T14:36:26","guid":{"rendered":"https:\/\/www.seconduse.be\/product\/jura-impressa-c5-piano-black-2\/"},"modified":"2026-03-05T15:36:26","modified_gmt":"2026-03-05T14:36:26","slug":"jura-impressa-c5-piano-black-2","status":"publish","type":"product","link":"https:\/\/www.seconduse.be\/fr\/product\/jura-impressa-c5-piano-black-2\/","title":{"rendered":"Jura Impressa C5 Piano Black"},"content":{"rendered":"<p>Entrez dans le monde du caf\u00e9 de luxe avec la Jura Impressa C5, une machine \u00e0 espresso sophistiqu\u00e9e qui allie un savoir-faire magistral et des technologies de pointe pour une exp\u00e9rience de caf\u00e9 in\u00e9gal\u00e9e. Con\u00e7ue avec le souci du d\u00e9tail et dot\u00e9e de fonctionnalit\u00e9s impressionnantes, la Jura Impressa C5 est le compagnon id\u00e9al des amateurs de caf\u00e9 qui recherchent la perfection dans chaque tasse. <\/p>\n<p>Avec l&rsquo;Impressa C5, vous pouvez appr\u00e9cier l&rsquo;art de l&rsquo;espresso sur simple pression d&rsquo;un bouton. Les disques de broyage coniques de haute qualit\u00e9 garantissent que les grains de caf\u00e9 sont moulus avec pr\u00e9cision, pour en extraire tous les ar\u00f4mes et toutes les saveurs. Le groupe d&rsquo;infusion variable et la force du caf\u00e9 r\u00e9glable vous permettent de cr\u00e9er la tasse de caf\u00e9 parfaite selon votre go\u00fbt.  <\/p>\n<p>L&rsquo;interface de commande intuitive vous permet de personnaliser facilement vos pr\u00e9f\u00e9rences en mati\u00e8re de caf\u00e9, tandis que l&rsquo;\u00e9cran clair affiche toutes les informations n\u00e9cessaires. Le syst\u00e8me Dual Frother Plus vous permet de pr\u00e9parer une mousse de lait de qualit\u00e9 barista pour de d\u00e9licieux cappuccinos et latte macchiatos. <\/p>\n<p>Gr\u00e2ce au syst\u00e8me innovant Intelligent Pre-Brew Aroma System (I.P.B.A.S.\u00a9), l&rsquo;Impressa C5 optimise le temps d&rsquo;extraction et garantit un d\u00e9ploiement maximal des ar\u00f4mes, pour une tasse de caf\u00e9 qui capture toutes les nuances de l&rsquo;ar\u00f4me.<\/p>\n<p>Le corps durable et \u00e9l\u00e9gant de la Jura Impressa C5 ajoute une touche d&rsquo;\u00e9l\u00e9gance \u00e0 votre cuisine. L&rsquo;entretien se fait sans effort gr\u00e2ce au programme de nettoyage et de d\u00e9tartrage automatique, ce qui permet \u00e0 la machine de rester en parfait \u00e9tat et d&rsquo;offrir des performances de haute qualit\u00e9. <\/p>\n<p>D\u00e9couvrez la symbiose parfaite entre le design, la fonctionnalit\u00e9 et l&rsquo;art du caf\u00e9 avec la Jura Impressa C5 &#8211; une machine \u00e0 espresso qui fait de chaque pause caf\u00e9 un d\u00e9lice pour les sens.<\/p>\n","protected":false},"excerpt":{"rendered":"<p>La machine \u00e0 espresso Jura Impressa C5 allie une technologie sophistiqu\u00e9e \u00e0 une utilisation simple pour une tasse de caf\u00e9 parfaite sur simple pression d&rsquo;un bouton. Gr\u00e2ce \u00e0 son syst\u00e8me de mouture de haute qualit\u00e9 et \u00e0 son r\u00e9glage de la force du caf\u00e9, la C5 pr\u00e9pare sans effort toute une s\u00e9rie de variantes de caf\u00e9. Cette machine \u00e9l\u00e9gante et conviviale vous permet de profiter d&rsquo;une exp\u00e9rience ultime en mati\u00e8re de caf\u00e9.  <\/p>\n<p>Chaque Jura est accompagn\u00e9 d&rsquo;un excellent pack de bienvenue d&rsquo;une valeur de 49,95 euros.<\/p>\n","protected":false},"featured_media":4217,"comment_status":"open","ping_status":"closed","template":"","meta":{"_acf_changed":false},"product_brand":[55],"product_cat":[91,90],"product_tag":[],"class_list":{"0":"post-6630","1":"product","2":"type-product","3":"status-publish","4":"has-post-thumbnail","6":"product_brand-jura","7":"product_cat-jura-fr","8":"product_cat-machines-a-cafe","9":"product_shipping_class-0-10kg-fr-2","11":"first","12":"outofstock","13":"taxable","14":"shipping-taxable","15":"product-type-variable","16":"has-default-attributes"},"acf":{"MC_main_image":null,"MC_main_image_url":""},"jetpack_sharing_enabled":true,"_links":{"self":[{"href":"https:\/\/www.seconduse.be\/fr\/wp-json\/wp\/v2\/product\/6630","targetHints":{"allow":["GET"]}}],"collection":[{"href":"https:\/\/www.seconduse.be\/fr\/wp-json\/wp\/v2\/product"}],"about":[{"href":"https:\/\/www.seconduse.be\/fr\/wp-json\/wp\/v2\/types\/product"}],"replies":[{"embeddable":true,"href":"https:\/\/www.seconduse.be\/fr\/wp-json\/wp\/v2\/comments?post=6630"}],"wp:featuredmedia":[{"embeddable":true,"href":"https:\/\/www.seconduse.be\/fr\/wp-json\/wp\/v2\/media\/4217"}],"wp:attachment":[{"href":"https:\/\/www.seconduse.be\/fr\/wp-json\/wp\/v2\/media?parent=6630"}],"wp:term":[{"taxonomy":"product_brand","embeddable":true,"href":"https:\/\/www.seconduse.be\/fr\/wp-json\/wp\/v2\/product_brand?post=6630"},{"taxonomy":"product_cat","embeddable":true,"href":"https:\/\/www.seconduse.be\/fr\/wp-json\/wp\/v2\/product_cat?post=6630"},{"taxonomy":"product_tag","embeddable":true,"href":"https:\/\/www.seconduse.be\/fr\/wp-json\/wp\/v2\/product_tag?post=6630"}],"curies":[{"name":"wp","href":"https:\/\/api.w.org\/{rel}","templated":true}]}}