{"id":6657,"date":"2026-03-05T15:36:26","date_gmt":"2026-03-05T14:36:26","guid":{"rendered":"https:\/\/www.seconduse.be\/product\/jura-impressa-c65-platinum-2\/"},"modified":"2026-03-05T15:36:26","modified_gmt":"2026-03-05T14:36:26","slug":"jura-impressa-c65-platinum-2","status":"publish","type":"product","link":"https:\/\/www.seconduse.be\/fr\/product\/jura-impressa-c65-platinum-2\/","title":{"rendered":"Jura Impressa C65 Platinum"},"content":{"rendered":"<p>Entrez dans le monde du caf\u00e9 sophistiqu\u00e9 avec l&rsquo;Impressa C65 de Jura, une \u00e9l\u00e9gante machine \u00e0 expresso qui allie savoir-faire artisanal et technologies de pointe pour une exp\u00e9rience de caf\u00e9 in\u00e9gal\u00e9e. Avec son design \u00e9l\u00e9gant et ses fonctionnalit\u00e9s impressionnantes, l&rsquo;Impressa C65 permet aux amateurs de caf\u00e9 de profiter d&rsquo;un caf\u00e9 professionnel \u00e0 la maison. <\/p>\n<p>L&rsquo;Impressa C65 est \u00e9quip\u00e9e de disques de broyage coniques de haute qualit\u00e9, qui broient les grains de caf\u00e9 avec pr\u00e9cision, en pr\u00e9servant au mieux tous les ar\u00f4mes et les saveurs. Le groupe d&rsquo;infusion variable et l&rsquo;intensit\u00e9 r\u00e9glable du caf\u00e9 vous donnent un contr\u00f4le total sur la pr\u00e9paration, ce qui vous permet de personnaliser vos boissons pr\u00e9f\u00e9r\u00e9es en fonction de vos pr\u00e9f\u00e9rences personnelles. <\/p>\n<p>Le panneau de commande simple et intuitif de l&rsquo;Impressa C65 vous permet de d\u00e9guster de d\u00e9licieux espressos, lungos et autres vari\u00e9t\u00e9s de caf\u00e9 par simple pression d&rsquo;un bouton. La buse \u00e0 vapeur offre la possibilit\u00e9 de pr\u00e9parer une mousse de lait cr\u00e9meuse, ce qui vous permet de d\u00e9guster des sp\u00e9cialit\u00e9s telles que le cappuccino et le latte macchiato. <\/p>\n<p>Gr\u00e2ce au syst\u00e8me Intelligent Pre-Brew Aroma System (I.P.B.A.S.\u00a9), le temps d&rsquo;extraction est optimis\u00e9, ce qui permet \u00e0 chaque tasse de caf\u00e9 de d\u00e9ployer au maximum ses ar\u00f4mes. L&rsquo;appareil offre \u00e9galement une grande flexibilit\u00e9 gr\u00e2ce au r\u00e9glage de la quantit\u00e9 et de la temp\u00e9rature du caf\u00e9, ce qui vous permet de personnaliser vos boissons en fonction de vos pr\u00e9f\u00e9rences. <\/p>\n<p>Le corps durable et \u00e9l\u00e9gant de la Jura Impressa C65 ajoute une touche de classe \u00e0 votre cuisine. L&rsquo;entretien est facile gr\u00e2ce au programme de nettoyage et de d\u00e9tartrage automatique, ce qui permet \u00e0 la machine d&rsquo;\u00eatre toujours en parfait \u00e9tat et de vous offrir un caf\u00e9 de qualit\u00e9 constante. <\/p>\n<p>D\u00e9couvrez la fusion parfaite de l&rsquo;esth\u00e9tique, de la fonctionnalit\u00e9 et de la qualit\u00e9 du caf\u00e9 avec la Jura Impressa C65 &#8211; une machine \u00e0 espresso qui r\u00e9pond aux attentes des amateurs de caf\u00e9 les plus exigeants.<\/p>\n","protected":false},"excerpt":{"rendered":"<p>La machine \u00e0 espresso Jura C65 est l&rsquo;incarnation de la perfection du caf\u00e9 gr\u00e2ce \u00e0 sa technologie avanc\u00e9e et \u00e0 sa simplicit\u00e9 d&rsquo;utilisation. Profitez d&rsquo;une gamme de sp\u00e9cialit\u00e9s de caf\u00e9 par simple pression d&rsquo;un bouton, gr\u00e2ce \u00e0 la pr\u00e9cision de l&rsquo;infusion et au r\u00e9glage de la mouture. Son design \u00e9l\u00e9gant et son interface intuitive font de la C65 un must pour les amateurs de caf\u00e9 qui souhaitent vivre une exp\u00e9rience de caf\u00e9 sans effort et de haute qualit\u00e9 \u00e0 la maison.  <\/p>\n<p>Chaque Jura est accompagn\u00e9 d&rsquo;un excellent pack de bienvenue d&rsquo;une valeur de 49,95 euros.<\/p>\n","protected":false},"featured_media":4222,"comment_status":"open","ping_status":"closed","template":"","meta":{"_acf_changed":false},"product_brand":[55],"product_cat":[91,90],"product_tag":[],"class_list":{"0":"post-6657","1":"product","2":"type-product","3":"status-publish","4":"has-post-thumbnail","6":"product_brand-jura","7":"product_cat-jura-fr","8":"product_cat-machines-a-cafe","9":"product_shipping_class-0-10kg-fr-2","11":"first","12":"outofstock","13":"taxable","14":"shipping-taxable","15":"product-type-variable","16":"has-default-attributes"},"acf":{"MC_main_image":null,"MC_main_image_url":""},"jetpack_sharing_enabled":true,"_links":{"self":[{"href":"https:\/\/www.seconduse.be\/fr\/wp-json\/wp\/v2\/product\/6657","targetHints":{"allow":["GET"]}}],"collection":[{"href":"https:\/\/www.seconduse.be\/fr\/wp-json\/wp\/v2\/product"}],"about":[{"href":"https:\/\/www.seconduse.be\/fr\/wp-json\/wp\/v2\/types\/product"}],"replies":[{"embeddable":true,"href":"https:\/\/www.seconduse.be\/fr\/wp-json\/wp\/v2\/comments?post=6657"}],"wp:featuredmedia":[{"embeddable":true,"href":"https:\/\/www.seconduse.be\/fr\/wp-json\/wp\/v2\/media\/4222"}],"wp:attachment":[{"href":"https:\/\/www.seconduse.be\/fr\/wp-json\/wp\/v2\/media?parent=6657"}],"wp:term":[{"taxonomy":"product_brand","embeddable":true,"href":"https:\/\/www.seconduse.be\/fr\/wp-json\/wp\/v2\/product_brand?post=6657"},{"taxonomy":"product_cat","embeddable":true,"href":"https:\/\/www.seconduse.be\/fr\/wp-json\/wp\/v2\/product_cat?post=6657"},{"taxonomy":"product_tag","embeddable":true,"href":"https:\/\/www.seconduse.be\/fr\/wp-json\/wp\/v2\/product_tag?post=6657"}],"curies":[{"name":"wp","href":"https:\/\/api.w.org\/{rel}","templated":true}]}}