{"id":6697,"date":"2026-03-05T15:36:26","date_gmt":"2026-03-05T14:36:26","guid":{"rendered":"https:\/\/www.seconduse.be\/product\/jura-impressa-f50-classic-2\/"},"modified":"2026-03-05T15:36:26","modified_gmt":"2026-03-05T14:36:26","slug":"jura-impressa-f50-classic-2","status":"publish","type":"product","link":"https:\/\/www.seconduse.be\/fr\/product\/jura-impressa-f50-classic-2\/","title":{"rendered":"Jura Impressa F50 Classic"},"content":{"rendered":"<p>Plongez dans l&rsquo;univers du caf\u00e9 sophistiqu\u00e9 avec l&rsquo;Impressa F50 de Jura, une machine \u00e0 expresso \u00e9l\u00e9gante qui excelle dans l&rsquo;artisanat et la technologie innovante. Avec son design \u00e9l\u00e9gant et ses fonctions avanc\u00e9es, l&rsquo;Impressa F50 offre une exp\u00e9rience unique aux amateurs de caf\u00e9 de haute qualit\u00e9 \u00e0 la maison. <\/p>\n<p>L&rsquo;Impressa F50 est \u00e9quip\u00e9e de disques de broyage coniques de pr\u00e9cision, qui broient les grains de caf\u00e9 sans effort, en pr\u00e9servant toute la saveur et les ar\u00f4mes. Gr\u00e2ce au groupe d&rsquo;infusion variable et \u00e0 l&rsquo;intensit\u00e9 r\u00e9glable du caf\u00e9, vous pouvez adapter la pr\u00e9paration du caf\u00e9 \u00e0 vos pr\u00e9f\u00e9rences personnelles. <\/p>\n<p>Les commandes intuitives de l&rsquo;Impressa F50 facilitent la cr\u00e9ation d&rsquo;une gamme de sp\u00e9cialit\u00e9s de caf\u00e9. Appr\u00e9ciez un espresso, un lungo ou d&rsquo;autres d\u00e9licieuses vari\u00e9t\u00e9s de caf\u00e9 sur simple pression d&rsquo;un bouton. La buse vapeur ajoute une dimension suppl\u00e9mentaire en vous permettant de pr\u00e9parer une mousse de lait cr\u00e9meuse pour les cappuccinos ou les latte macchiatos.  <\/p>\n<p>Le syst\u00e8me intelligent d&rsquo;ar\u00f4me avant infusion (I.P.B.A.S.\u00a9) optimise le temps d&rsquo;extraction, donnant \u00e0 chaque tasse de caf\u00e9 une saveur riche et cors\u00e9e. La machine offre \u00e9galement des options de r\u00e9glage pour la quantit\u00e9 de caf\u00e9, la temp\u00e9rature et bien plus encore, afin que vous puissiez cr\u00e9er votre tasse de caf\u00e9 parfaite. <\/p>\n<p>La Jura Impressa F50 allie la durabilit\u00e9 \u00e0 un design \u00e9l\u00e9gant qui ajoute une touche d&rsquo;\u00e9l\u00e9gance \u00e0 votre cuisine. Le programme de nettoyage et de d\u00e9tartrage automatique facilite l&rsquo;entretien, ce qui permet \u00e0 la machine d&rsquo;\u00eatre toujours en parfait \u00e9tat et d&rsquo;offrir des performances constantes. <\/p>\n<p>D\u00e9couvrez la fusion parfaite entre l&rsquo;esth\u00e9tique et la qualit\u00e9 du caf\u00e9 avec la Jura Impressa F50 &#8211; une machine \u00e0 espresso qui r\u00e9pond aux attentes des amateurs de caf\u00e9 les plus exigeants.<\/p>\n","protected":false},"excerpt":{"rendered":"<p>La machine \u00e0 espresso Jura Impressa F50 offre une qualit\u00e9 de caf\u00e9 raffin\u00e9e avec une touche d&rsquo;\u00e9l\u00e9gance. Dot\u00e9e d&rsquo;une technologie d&rsquo;infusion avanc\u00e9e et d&rsquo;options programmables, la F50 d\u00e9livre une gamme de sp\u00e9cialit\u00e9s de caf\u00e9 par simple pression d&rsquo;un bouton. Son design intemporel et sa facilit\u00e9 d&rsquo;utilisation en font la machine id\u00e9ale pour les amateurs de caf\u00e9 de haute qualit\u00e9 qui recherchent le luxe et la commodit\u00e9 dans chaque tasse.  <\/p>\n<p>Chaque Jura est accompagn\u00e9 d&rsquo;un excellent pack de bienvenue d&rsquo;une valeur de 49,95 euros.<\/p>\n","protected":false},"featured_media":4235,"comment_status":"open","ping_status":"closed","template":"","meta":{"_acf_changed":false},"product_brand":[55],"product_cat":[91,90],"product_tag":[],"class_list":{"0":"post-6697","1":"product","2":"type-product","3":"status-publish","4":"has-post-thumbnail","6":"product_brand-jura","7":"product_cat-jura-fr","8":"product_cat-machines-a-cafe","9":"product_shipping_class-0-10kg-fr-2","11":"first","12":"outofstock","13":"taxable","14":"shipping-taxable","15":"product-type-variable","16":"has-default-attributes"},"acf":{"MC_main_image":null,"MC_main_image_url":""},"jetpack_sharing_enabled":true,"_links":{"self":[{"href":"https:\/\/www.seconduse.be\/fr\/wp-json\/wp\/v2\/product\/6697","targetHints":{"allow":["GET"]}}],"collection":[{"href":"https:\/\/www.seconduse.be\/fr\/wp-json\/wp\/v2\/product"}],"about":[{"href":"https:\/\/www.seconduse.be\/fr\/wp-json\/wp\/v2\/types\/product"}],"replies":[{"embeddable":true,"href":"https:\/\/www.seconduse.be\/fr\/wp-json\/wp\/v2\/comments?post=6697"}],"wp:featuredmedia":[{"embeddable":true,"href":"https:\/\/www.seconduse.be\/fr\/wp-json\/wp\/v2\/media\/4235"}],"wp:attachment":[{"href":"https:\/\/www.seconduse.be\/fr\/wp-json\/wp\/v2\/media?parent=6697"}],"wp:term":[{"taxonomy":"product_brand","embeddable":true,"href":"https:\/\/www.seconduse.be\/fr\/wp-json\/wp\/v2\/product_brand?post=6697"},{"taxonomy":"product_cat","embeddable":true,"href":"https:\/\/www.seconduse.be\/fr\/wp-json\/wp\/v2\/product_cat?post=6697"},{"taxonomy":"product_tag","embeddable":true,"href":"https:\/\/www.seconduse.be\/fr\/wp-json\/wp\/v2\/product_tag?post=6697"}],"curies":[{"name":"wp","href":"https:\/\/api.w.org\/{rel}","templated":true}]}}