{"id":6878,"date":"2026-03-05T15:38:25","date_gmt":"2026-03-05T14:38:25","guid":{"rendered":"https:\/\/www.seconduse.be\/product\/jura-s8-ea-piano-black\/"},"modified":"2026-03-05T15:38:25","modified_gmt":"2026-03-05T14:38:25","slug":"jura-s8-ea-piano-black","status":"publish","type":"product","link":"https:\/\/www.seconduse.be\/fr\/product\/jura-s8-ea-piano-black\/","title":{"rendered":"Jura S8 (EA) Piano Black"},"content":{"rendered":"<p>La Jura S8 EA Piano Black apporte des sp\u00e9cialit\u00e9s de caf\u00e9 dignes d&rsquo;un barista dans votre cuisine avec un design \u00e9l\u00e9gant et brillant. Le grand \u00e9cran tactile couleur de 4,3 pouces commande la machine de mani\u00e8re intuitive et vous permet de choisir sans effort parmi une large gamme de sp\u00e9cialit\u00e9s de caf\u00e9, telles que l&rsquo;espresso, le cappuccino, le latte macchiato et le flat white. <\/p>\n<p>Gr\u00e2ce au moulin Aroma G3, vos grains de caf\u00e9 sont moulus rapidement et avec pr\u00e9cision, pr\u00e9servant ainsi un maximum d&rsquo;ar\u00f4mes. Combin\u00e9 au proc\u00e9d\u00e9 d&rsquo;extraction par pulsation (P.E.P.), vous profiterez d&rsquo;une saveur pleine et intense, en particulier avec les caf\u00e9s courts comme l&rsquo;espresso et le ristretto. Le syst\u00e8me de lait d\u00e9livre une micro-mousse fine et se nettoie automatiquement, garantissant ainsi une hygi\u00e8ne et une qualit\u00e9 optimales \u00e0 tout moment.  <\/p>\n<p>Avec un r\u00e9servoir d&rsquo;eau de 1,9 litre, un bac \u00e0 grains de 280 grammes et la compatibilit\u00e9 avec le filtre CLARIS Smart, la machine n\u00e9cessite peu d&rsquo;entretien. Avec son look compact et luxueux en Piano Black, la S8 n&rsquo;est pas seulement une machine puissante en termes de performances, mais elle attire \u00e9galement l&rsquo;attention dans toutes les cuisines. <\/p>\n<p>La Jura S8 EA Piano Black est parfaite pour ceux qui recherchent une combinaison de facilit\u00e9 d&rsquo;utilisation, de technologie et de go\u00fbt de caf\u00e9 raffin\u00e9 &#8211; jour apr\u00e8s jour.<\/p>\n","protected":false},"excerpt":{"rendered":"<p>La Jura S8 EA Piano Black apporte des sp\u00e9cialit\u00e9s de caf\u00e9 dignes d&rsquo;un barista dans votre cuisine avec un design \u00e9l\u00e9gant et brillant. Le grand \u00e9cran tactile couleur de 4,3 pouces commande la machine de mani\u00e8re intuitive et vous permet de choisir sans effort parmi une large gamme de sp\u00e9cialit\u00e9s de caf\u00e9, telles que l&rsquo;espresso, [&#8230;]\n","protected":false},"featured_media":6812,"comment_status":"open","ping_status":"closed","template":"","meta":{"_acf_changed":false},"product_brand":[55],"product_cat":[91,90],"product_tag":[],"class_list":{"0":"post-6878","1":"product","2":"type-product","3":"status-publish","4":"has-post-thumbnail","6":"product_brand-jura","7":"product_cat-jura-fr","8":"product_cat-machines-a-cafe","10":"first","11":"outofstock","12":"taxable","13":"shipping-taxable","14":"purchasable","15":"product-type-variable","16":"has-default-attributes"},"acf":{"MC_main_image":null,"MC_main_image_url":""},"jetpack_sharing_enabled":true,"_links":{"self":[{"href":"https:\/\/www.seconduse.be\/fr\/wp-json\/wp\/v2\/product\/6878","targetHints":{"allow":["GET"]}}],"collection":[{"href":"https:\/\/www.seconduse.be\/fr\/wp-json\/wp\/v2\/product"}],"about":[{"href":"https:\/\/www.seconduse.be\/fr\/wp-json\/wp\/v2\/types\/product"}],"replies":[{"embeddable":true,"href":"https:\/\/www.seconduse.be\/fr\/wp-json\/wp\/v2\/comments?post=6878"}],"wp:featuredmedia":[{"embeddable":true,"href":"https:\/\/www.seconduse.be\/fr\/wp-json\/wp\/v2\/media\/6812"}],"wp:attachment":[{"href":"https:\/\/www.seconduse.be\/fr\/wp-json\/wp\/v2\/media?parent=6878"}],"wp:term":[{"taxonomy":"product_brand","embeddable":true,"href":"https:\/\/www.seconduse.be\/fr\/wp-json\/wp\/v2\/product_brand?post=6878"},{"taxonomy":"product_cat","embeddable":true,"href":"https:\/\/www.seconduse.be\/fr\/wp-json\/wp\/v2\/product_cat?post=6878"},{"taxonomy":"product_tag","embeddable":true,"href":"https:\/\/www.seconduse.be\/fr\/wp-json\/wp\/v2\/product_tag?post=6878"}],"curies":[{"name":"wp","href":"https:\/\/api.w.org\/{rel}","templated":true}]}}