{"id":6883,"date":"2026-03-05T15:38:26","date_gmt":"2026-03-05T14:38:26","guid":{"rendered":"https:\/\/www.seconduse.be\/product\/sonos-one-sl-noir\/"},"modified":"2026-03-05T15:38:26","modified_gmt":"2026-03-05T14:38:26","slug":"sonos-one-sl-noir","status":"publish","type":"product","link":"https:\/\/www.seconduse.be\/fr\/product\/sonos-one-sl-noir\/","title":{"rendered":"Sonos One SL Noir"},"content":{"rendered":"<p>Le Sonos One SL est un puissant haut-parleur compact connu pour son son clair et \u00e9quilibr\u00e9 et son design \u00e9l\u00e9gant. Cette variante du Sonos One ne poss\u00e8de pas d&rsquo;assistant vocal int\u00e9gr\u00e9, ce qui en fait la solution id\u00e9ale pour ceux qui souhaitent \u00e9couter de la musique sans microphone. <\/p>\n<p>Comme les autres haut-parleurs Sonos, le One SL fait partie du syst\u00e8me multiroom Sonos. Il vous permet de connecter plusieurs haut-parleurs Sonos et de diffuser la m\u00eame musique dans diff\u00e9rentes pi\u00e8ces en m\u00eame temps, ou de choisir une liste de lecture diff\u00e9rente pour chaque pi\u00e8ce. L&rsquo;installation et l&rsquo;utilisation sont faciles gr\u00e2ce \u00e0 l&rsquo;application Sonos conviviale.  <\/p>\n<p>Le Sonos One SL prend en charge un large \u00e9ventail de services de streaming populaires, vous donnant un acc\u00e8s instantan\u00e9 \u00e0 des millions de chansons, de stations de radio et de podcasts. Gr\u00e2ce \u00e0 sa taille compacte, le haut-parleur s&rsquo;int\u00e8gre sans effort dans presque tous les int\u00e9rieurs, tandis que sa qualit\u00e9 de fabrication haut de gamme vous garantit une exp\u00e9rience d&rsquo;\u00e9coute durable. <\/p>\n<p>En outre, le Sonos One SL peut parfaitement \u00eatre utilis\u00e9 comme enceinte arri\u00e8re en combinaison avec une barre de son Sonos, telle que la Sonos Beam ou la Sonos Arc, pour une installation surround home-cin\u00e9ma compl\u00e8te.<\/p>\n<p>Que vous diffusiez de la musique en continu, \u00e9coutiez la radio ou \u00e9largissiez un ensemble surround, le Sonos One SL offre un son impressionnant dans un design minimaliste et polyvalent.<\/p>\n","protected":false},"excerpt":{"rendered":"<p>Le Sonos One SL est un puissant haut-parleur compact connu pour son son clair et \u00e9quilibr\u00e9 et son design \u00e9l\u00e9gant. Cette variante du Sonos One ne poss\u00e8de pas d&rsquo;assistant vocal int\u00e9gr\u00e9, ce qui en fait la solution id\u00e9ale pour ceux qui souhaitent \u00e9couter de la musique sans microphone. Comme les autres haut-parleurs Sonos, le One [&#8230;]\n","protected":false},"featured_media":6836,"comment_status":"open","ping_status":"closed","template":"","meta":{"_acf_changed":false},"product_brand":[56],"product_cat":[68,69],"product_tag":[],"class_list":{"0":"post-6883","1":"product","2":"type-product","3":"status-publish","4":"has-post-thumbnail","6":"product_brand-sonos","7":"product_cat-audio-fr","8":"product_cat-sonos-fr","9":"product_shipping_class-0-10kg-fr-2","11":"first","12":"outofstock","13":"taxable","14":"shipping-taxable","15":"purchasable","16":"product-type-variable","17":"has-default-attributes"},"acf":{"MC_main_image":null,"MC_main_image_url":""},"jetpack_sharing_enabled":true,"_links":{"self":[{"href":"https:\/\/www.seconduse.be\/fr\/wp-json\/wp\/v2\/product\/6883","targetHints":{"allow":["GET"]}}],"collection":[{"href":"https:\/\/www.seconduse.be\/fr\/wp-json\/wp\/v2\/product"}],"about":[{"href":"https:\/\/www.seconduse.be\/fr\/wp-json\/wp\/v2\/types\/product"}],"replies":[{"embeddable":true,"href":"https:\/\/www.seconduse.be\/fr\/wp-json\/wp\/v2\/comments?post=6883"}],"wp:featuredmedia":[{"embeddable":true,"href":"https:\/\/www.seconduse.be\/fr\/wp-json\/wp\/v2\/media\/6836"}],"wp:attachment":[{"href":"https:\/\/www.seconduse.be\/fr\/wp-json\/wp\/v2\/media?parent=6883"}],"wp:term":[{"taxonomy":"product_brand","embeddable":true,"href":"https:\/\/www.seconduse.be\/fr\/wp-json\/wp\/v2\/product_brand?post=6883"},{"taxonomy":"product_cat","embeddable":true,"href":"https:\/\/www.seconduse.be\/fr\/wp-json\/wp\/v2\/product_cat?post=6883"},{"taxonomy":"product_tag","embeddable":true,"href":"https:\/\/www.seconduse.be\/fr\/wp-json\/wp\/v2\/product_tag?post=6883"}],"curies":[{"name":"wp","href":"https:\/\/api.w.org\/{rel}","templated":true}]}}